{"id":1827,"date":"2021-05-18T14:26:41","date_gmt":"2021-05-18T11:26:41","guid":{"rendered":"https:\/\/delivery.supporter.ro\/?post_type=product&#038;p=1827"},"modified":"2026-04-14T21:34:22","modified_gmt":"2026-04-14T19:34:22","slug":"platou-carne-precomanda","status":"publish","type":"product","link":"https:\/\/delivery.supporter.ro\/en\/product\/platou-carne-precomanda\/","title":{"rendered":"<p>Meat Board<\/p>"},"content":{"rendered":"","protected":false},"excerpt":{"rendered":"<p><strong>Minimum 24 hours of pre-ordering needed<br>\n<\/strong><p><strong>Ingredients:&nbsp;<\/strong>air-dried salami, beef pastrami, prosciutto sticks, sesame-coated meatballs, sausages, crackers, pickled cucumbers, olives, garlic sauce <strong>&ndash; 1200 gr<\/strong><\/p><p><strong>Energy value<\/strong> per 100g serving<\/p><p><strong>Energy value<\/strong>: 273,35 Kcal \/ 1142,6 Kj,<\/p><p>Total fat: 17,19 gr, out of which saturated fat: 7,3 gr, Carbohydrates: 12,81 gr, glucide out of which sugars: 5,76 gr, Protein: 16,09 gr, Salt: 1,92 gr<\/p><p>Allergens: 1*, 3*, 5*, 7*, 8*, 11*<\/p><p>1* Cereals containing gluten Wheat (such as spelt and Khorasan wheat\/Kamut), rye, barley, and oats are often found in foods containing flour, such as some types of baking powder, batter, breadcrumbs, bread, cakes, couscous, meat products, pasta, pastry, sauces, soups and fried foods which are dusted with flour.\n7*7.\tMilk and products containing it, including lactose.<\/p><p>3* Eggs and products containing them<\/p><p>5*Peanuts and products containing them<\/p><p>7* Milk and products containing it, including lactose<\/p><p>8*Nuts, not to be mistaken with peanuts, this ingredient refers to nuts that grow on trees, like cashew nuts, almonds, and hazelnuts.<\/p><p>10* Mustard and products containing it.<\/p><p>&nbsp;<\/p><\/p>","protected":false},"featured_media":11267,"template":"","meta":[],"product_brand":[],"product_cat":[164],"product_tag":[],"class_list":{"0":"post-1827","1":"product","2":"type-product","3":"status-publish","4":"has-post-thumbnail","6":"product_cat-platouri-cu-precomanda","8":"first","9":"instock","10":"shipping-taxable","11":"purchasable","12":"product-type-simple"},"yoast_head":"<!-- This site is optimized with the Yoast SEO plugin v27.4 - https:\/\/yoast.com\/product\/yoast-seo-wordpress\/ -->\n<title>Platou Carne - Supporter Delivery Platou Carne<\/title>\n<meta name=\"description\" content=\"Platoul de carne cu precomand\u0103 de la Supporter este alegerea ideal\u0103 pentru zilele \u00een care vrei s\u0103 impresionezi. Creat special pentru evenimente festive, anivers\u0103ri sau s\u0103rb\u0103tori, acest platou reune\u0219te selec\u021bii de carne fraged\u0103, preparat\u0103 cu grij\u0103 \u0219i servit\u0103 \u00een por\u021bii generoase.Fie c\u0103 organizezi o mas\u0103 \u00een familie, o petrecere la birou sau o reuniune cu prietenii, platoul de carne Supporter aduce savoarea autentic\u0103 \u0219i confortul unei mese complete, livrate direct la tine.Disponibil doar cu precomand\u0103, pentru a garanta prospe\u021bimea \u0219i calitatea fiec\u0103rui preparat, acest platou este preg\u0103tit cu aten\u021bie de echipa noastr\u0103 de buc\u0103tari, folosind ingrediente premium \u0219i re\u021bete tradi\u021bionale reinterpretate modern.Comand\u0103 din timp \u0219i transform\u0103 orice ocazie \u00eentr-o experien\u021b\u0103 culinar\u0103 memorabil\u0103 \u2013 cu gust, elegan\u021b\u0103 \u0219i spirit de s\u0103rb\u0103toare. Supporter Delivery\" \/>\n<meta name=\"robots\" content=\"index, follow, max-snippet:-1, max-image-preview:large, max-video-preview:-1\" \/>\n<link rel=\"canonical\" href=\"https:\/\/delivery.supporter.ro\/en\/product\/platou-carne-precomanda\/\" \/>\n<meta property=\"og:locale\" content=\"en_US\" \/>\n<meta property=\"og:type\" content=\"article\" \/>\n<meta property=\"og:title\" content=\"Platou Carne - Supporter Delivery Platou Carne\" \/>\n<meta property=\"og:description\" content=\"Platoul de carne cu precomand\u0103 de la Supporter este alegerea ideal\u0103 pentru zilele \u00een care vrei s\u0103 impresionezi. Creat special pentru evenimente festive, anivers\u0103ri sau s\u0103rb\u0103tori, acest platou reune\u0219te selec\u021bii de carne fraged\u0103, preparat\u0103 cu grij\u0103 \u0219i servit\u0103 \u00een por\u021bii generoase.Fie c\u0103 organizezi o mas\u0103 \u00een familie, o petrecere la birou sau o reuniune cu prietenii, platoul de carne Supporter aduce savoarea autentic\u0103 \u0219i confortul unei mese complete, livrate direct la tine.Disponibil doar cu precomand\u0103, pentru a garanta prospe\u021bimea \u0219i calitatea fiec\u0103rui preparat, acest platou este preg\u0103tit cu aten\u021bie de echipa noastr\u0103 de buc\u0103tari, folosind ingrediente premium \u0219i re\u021bete tradi\u021bionale reinterpretate modern.Comand\u0103 din timp \u0219i transform\u0103 orice ocazie \u00eentr-o experien\u021b\u0103 culinar\u0103 memorabil\u0103 \u2013 cu gust, elegan\u021b\u0103 \u0219i spirit de s\u0103rb\u0103toare. Supporter Delivery\" \/>\n<meta property=\"og:url\" content=\"https:\/\/delivery.supporter.ro\/en\/product\/platou-carne-precomanda\/\" \/>\n<meta property=\"og:site_name\" content=\"Supporter Delivery\" \/>\n<meta property=\"article:modified_time\" content=\"2026-04-14T19:34:22+00:00\" \/>\n<meta property=\"og:image\" content=\"https:\/\/delivery.supporter.ro\/wp-content\/uploads\/2021\/05\/Black-and-White-Modern-Butter-Cake-Instagram-Post-82.jpg\" \/>\n\t<meta property=\"og:image:width\" content=\"1080\" \/>\n\t<meta property=\"og:image:height\" content=\"1350\" \/>\n\t<meta property=\"og:image:type\" content=\"image\/jpeg\" \/>\n<meta name=\"twitter:card\" content=\"summary_large_image\" \/>\n<meta name=\"twitter:label1\" content=\"Est. reading time\" \/>\n\t<meta name=\"twitter:data1\" content=\"1 minute\" \/>\n<script type=\"application\/ld+json\" class=\"yoast-schema-graph\">{\"@context\":\"https:\\\/\\\/schema.org\",\"@graph\":[{\"@type\":\"WebPage\",\"@id\":\"https:\\\/\\\/delivery.supporter.ro\\\/product\\\/platou-carne-precomanda\\\/\",\"url\":\"https:\\\/\\\/delivery.supporter.ro\\\/product\\\/platou-carne-precomanda\\\/\",\"name\":\"Platou Carne - Supporter Delivery Platou Carne\",\"isPartOf\":{\"@id\":\"https:\\\/\\\/delivery.supporter.ro\\\/#website\"},\"primaryImageOfPage\":{\"@id\":\"https:\\\/\\\/delivery.supporter.ro\\\/product\\\/platou-carne-precomanda\\\/#primaryimage\"},\"image\":{\"@id\":\"https:\\\/\\\/delivery.supporter.ro\\\/product\\\/platou-carne-precomanda\\\/#primaryimage\"},\"thumbnailUrl\":\"https:\\\/\\\/delivery.supporter.ro\\\/wp-content\\\/uploads\\\/2021\\\/05\\\/Black-and-White-Modern-Butter-Cake-Instagram-Post-82.jpg\",\"datePublished\":\"2021-05-18T11:26:41+00:00\",\"dateModified\":\"2026-04-14T19:34:22+00:00\",\"description\":\"Platoul de carne cu precomand\u0103 de la Supporter este alegerea ideal\u0103 pentru zilele \u00een care vrei s\u0103 impresionezi. Creat special pentru evenimente festive, anivers\u0103ri sau s\u0103rb\u0103tori, acest platou reune\u0219te selec\u021bii de carne fraged\u0103, preparat\u0103 cu grij\u0103 \u0219i servit\u0103 \u00een por\u021bii generoase.Fie c\u0103 organizezi o mas\u0103 \u00een familie, o petrecere la birou sau o reuniune cu prietenii, platoul de carne Supporter aduce savoarea autentic\u0103 \u0219i confortul unei mese complete, livrate direct la tine.Disponibil doar cu precomand\u0103, pentru a garanta prospe\u021bimea \u0219i calitatea fiec\u0103rui preparat, acest platou este preg\u0103tit cu aten\u021bie de echipa noastr\u0103 de buc\u0103tari, folosind ingrediente premium \u0219i re\u021bete tradi\u021bionale reinterpretate modern.Comand\u0103 din timp \u0219i transform\u0103 orice ocazie \u00eentr-o experien\u021b\u0103 culinar\u0103 memorabil\u0103 \u2013 cu gust, elegan\u021b\u0103 \u0219i spirit de s\u0103rb\u0103toare. Supporter Delivery\",\"breadcrumb\":{\"@id\":\"https:\\\/\\\/delivery.supporter.ro\\\/product\\\/platou-carne-precomanda\\\/#breadcrumb\"},\"inLanguage\":\"en-US\",\"potentialAction\":[{\"@type\":\"ReadAction\",\"target\":[\"https:\\\/\\\/delivery.supporter.ro\\\/product\\\/platou-carne-precomanda\\\/\"]}]},{\"@type\":\"ImageObject\",\"inLanguage\":\"en-US\",\"@id\":\"https:\\\/\\\/delivery.supporter.ro\\\/product\\\/platou-carne-precomanda\\\/#primaryimage\",\"url\":\"https:\\\/\\\/delivery.supporter.ro\\\/wp-content\\\/uploads\\\/2021\\\/05\\\/Black-and-White-Modern-Butter-Cake-Instagram-Post-82.jpg\",\"contentUrl\":\"https:\\\/\\\/delivery.supporter.ro\\\/wp-content\\\/uploads\\\/2021\\\/05\\\/Black-and-White-Modern-Butter-Cake-Instagram-Post-82.jpg\",\"width\":1080,\"height\":1350},{\"@type\":\"BreadcrumbList\",\"@id\":\"https:\\\/\\\/delivery.supporter.ro\\\/product\\\/platou-carne-precomanda\\\/#breadcrumb\",\"itemListElement\":[{\"@type\":\"ListItem\",\"position\":1,\"name\":\"Home\",\"item\":\"https:\\\/\\\/delivery.supporter.ro\\\/\"},{\"@type\":\"ListItem\",\"position\":2,\"name\":\"Shop\",\"item\":\"https:\\\/\\\/delivery.supporter.ro\\\/shop\\\/\"},{\"@type\":\"ListItem\",\"position\":3,\"name\":\"Platou Carne\"}]},{\"@type\":\"WebSite\",\"@id\":\"https:\\\/\\\/delivery.supporter.ro\\\/#website\",\"url\":\"https:\\\/\\\/delivery.supporter.ro\\\/\",\"name\":\"Supporter Delivery\",\"description\":\"Supporter\",\"potentialAction\":[{\"@type\":\"SearchAction\",\"target\":{\"@type\":\"EntryPoint\",\"urlTemplate\":\"https:\\\/\\\/delivery.supporter.ro\\\/?s={search_term_string}\"},\"query-input\":{\"@type\":\"PropertyValueSpecification\",\"valueRequired\":true,\"valueName\":\"search_term_string\"}}],\"inLanguage\":\"en-US\"}]}<\/script>\n<!-- \/ Yoast SEO plugin. -->","yoast_head_json":{"title":"Platou Carne - Supporter Delivery Platou Carne","description":"Platoul de carne cu precomand\u0103 de la Supporter este alegerea ideal\u0103 pentru zilele \u00een care vrei s\u0103 impresionezi. Creat special pentru evenimente festive, anivers\u0103ri sau s\u0103rb\u0103tori, acest platou reune\u0219te selec\u021bii de carne fraged\u0103, preparat\u0103 cu grij\u0103 \u0219i servit\u0103 \u00een por\u021bii generoase.Fie c\u0103 organizezi o mas\u0103 \u00een familie, o petrecere la birou sau o reuniune cu prietenii, platoul de carne Supporter aduce savoarea autentic\u0103 \u0219i confortul unei mese complete, livrate direct la tine.Disponibil doar cu precomand\u0103, pentru a garanta prospe\u021bimea \u0219i calitatea fiec\u0103rui preparat, acest platou este preg\u0103tit cu aten\u021bie de echipa noastr\u0103 de buc\u0103tari, folosind ingrediente premium \u0219i re\u021bete tradi\u021bionale reinterpretate modern.Comand\u0103 din timp \u0219i transform\u0103 orice ocazie \u00eentr-o experien\u021b\u0103 culinar\u0103 memorabil\u0103 \u2013 cu gust, elegan\u021b\u0103 \u0219i spirit de s\u0103rb\u0103toare. Supporter Delivery","robots":{"index":"index","follow":"follow","max-snippet":"max-snippet:-1","max-image-preview":"max-image-preview:large","max-video-preview":"max-video-preview:-1"},"canonical":"https:\/\/delivery.supporter.ro\/en\/product\/platou-carne-precomanda\/","og_locale":"en_US","og_type":"article","og_title":"Platou Carne - Supporter Delivery Platou Carne","og_description":"Platoul de carne cu precomand\u0103 de la Supporter este alegerea ideal\u0103 pentru zilele \u00een care vrei s\u0103 impresionezi. Creat special pentru evenimente festive, anivers\u0103ri sau s\u0103rb\u0103tori, acest platou reune\u0219te selec\u021bii de carne fraged\u0103, preparat\u0103 cu grij\u0103 \u0219i servit\u0103 \u00een por\u021bii generoase.Fie c\u0103 organizezi o mas\u0103 \u00een familie, o petrecere la birou sau o reuniune cu prietenii, platoul de carne Supporter aduce savoarea autentic\u0103 \u0219i confortul unei mese complete, livrate direct la tine.Disponibil doar cu precomand\u0103, pentru a garanta prospe\u021bimea \u0219i calitatea fiec\u0103rui preparat, acest platou este preg\u0103tit cu aten\u021bie de echipa noastr\u0103 de buc\u0103tari, folosind ingrediente premium \u0219i re\u021bete tradi\u021bionale reinterpretate modern.Comand\u0103 din timp \u0219i transform\u0103 orice ocazie \u00eentr-o experien\u021b\u0103 culinar\u0103 memorabil\u0103 \u2013 cu gust, elegan\u021b\u0103 \u0219i spirit de s\u0103rb\u0103toare. Supporter Delivery","og_url":"https:\/\/delivery.supporter.ro\/en\/product\/platou-carne-precomanda\/","og_site_name":"Supporter Delivery","article_modified_time":"2026-04-14T19:34:22+00:00","og_image":[{"width":1080,"height":1350,"url":"https:\/\/delivery.supporter.ro\/wp-content\/uploads\/2021\/05\/Black-and-White-Modern-Butter-Cake-Instagram-Post-82.jpg","type":"image\/jpeg"}],"twitter_card":"summary_large_image","twitter_misc":{"Est. reading time":"1 minute"},"schema":{"@context":"https:\/\/schema.org","@graph":[{"@type":"WebPage","@id":"https:\/\/delivery.supporter.ro\/product\/platou-carne-precomanda\/","url":"https:\/\/delivery.supporter.ro\/product\/platou-carne-precomanda\/","name":"Platou Carne - Supporter Delivery Platou Carne","isPartOf":{"@id":"https:\/\/delivery.supporter.ro\/#website"},"primaryImageOfPage":{"@id":"https:\/\/delivery.supporter.ro\/product\/platou-carne-precomanda\/#primaryimage"},"image":{"@id":"https:\/\/delivery.supporter.ro\/product\/platou-carne-precomanda\/#primaryimage"},"thumbnailUrl":"https:\/\/delivery.supporter.ro\/wp-content\/uploads\/2021\/05\/Black-and-White-Modern-Butter-Cake-Instagram-Post-82.jpg","datePublished":"2021-05-18T11:26:41+00:00","dateModified":"2026-04-14T19:34:22+00:00","description":"Platoul de carne cu precomand\u0103 de la Supporter este alegerea ideal\u0103 pentru zilele \u00een care vrei s\u0103 impresionezi. Creat special pentru evenimente festive, anivers\u0103ri sau s\u0103rb\u0103tori, acest platou reune\u0219te selec\u021bii de carne fraged\u0103, preparat\u0103 cu grij\u0103 \u0219i servit\u0103 \u00een por\u021bii generoase.Fie c\u0103 organizezi o mas\u0103 \u00een familie, o petrecere la birou sau o reuniune cu prietenii, platoul de carne Supporter aduce savoarea autentic\u0103 \u0219i confortul unei mese complete, livrate direct la tine.Disponibil doar cu precomand\u0103, pentru a garanta prospe\u021bimea \u0219i calitatea fiec\u0103rui preparat, acest platou este preg\u0103tit cu aten\u021bie de echipa noastr\u0103 de buc\u0103tari, folosind ingrediente premium \u0219i re\u021bete tradi\u021bionale reinterpretate modern.Comand\u0103 din timp \u0219i transform\u0103 orice ocazie \u00eentr-o experien\u021b\u0103 culinar\u0103 memorabil\u0103 \u2013 cu gust, elegan\u021b\u0103 \u0219i spirit de s\u0103rb\u0103toare. Supporter Delivery","breadcrumb":{"@id":"https:\/\/delivery.supporter.ro\/product\/platou-carne-precomanda\/#breadcrumb"},"inLanguage":"en-US","potentialAction":[{"@type":"ReadAction","target":["https:\/\/delivery.supporter.ro\/product\/platou-carne-precomanda\/"]}]},{"@type":"ImageObject","inLanguage":"en-US","@id":"https:\/\/delivery.supporter.ro\/product\/platou-carne-precomanda\/#primaryimage","url":"https:\/\/delivery.supporter.ro\/wp-content\/uploads\/2021\/05\/Black-and-White-Modern-Butter-Cake-Instagram-Post-82.jpg","contentUrl":"https:\/\/delivery.supporter.ro\/wp-content\/uploads\/2021\/05\/Black-and-White-Modern-Butter-Cake-Instagram-Post-82.jpg","width":1080,"height":1350},{"@type":"BreadcrumbList","@id":"https:\/\/delivery.supporter.ro\/product\/platou-carne-precomanda\/#breadcrumb","itemListElement":[{"@type":"ListItem","position":1,"name":"Home","item":"https:\/\/delivery.supporter.ro\/"},{"@type":"ListItem","position":2,"name":"Shop","item":"https:\/\/delivery.supporter.ro\/shop\/"},{"@type":"ListItem","position":3,"name":"Platou Carne"}]},{"@type":"WebSite","@id":"https:\/\/delivery.supporter.ro\/#website","url":"https:\/\/delivery.supporter.ro\/","name":"Supporter Delivery","description":"Supporter","potentialAction":[{"@type":"SearchAction","target":{"@type":"EntryPoint","urlTemplate":"https:\/\/delivery.supporter.ro\/?s={search_term_string}"},"query-input":{"@type":"PropertyValueSpecification","valueRequired":true,"valueName":"search_term_string"}}],"inLanguage":"en-US"}]}},"jetpack_sharing_enabled":true,"_links":{"self":[{"href":"https:\/\/delivery.supporter.ro\/en\/wp-json\/wp\/v2\/product\/1827","targetHints":{"allow":["GET"]}}],"collection":[{"href":"https:\/\/delivery.supporter.ro\/en\/wp-json\/wp\/v2\/product"}],"about":[{"href":"https:\/\/delivery.supporter.ro\/en\/wp-json\/wp\/v2\/types\/product"}],"version-history":[{"count":7,"href":"https:\/\/delivery.supporter.ro\/en\/wp-json\/wp\/v2\/product\/1827\/revisions"}],"predecessor-version":[{"id":11266,"href":"https:\/\/delivery.supporter.ro\/en\/wp-json\/wp\/v2\/product\/1827\/revisions\/11266"}],"wp:featuredmedia":[{"embeddable":true,"href":"https:\/\/delivery.supporter.ro\/en\/wp-json\/wp\/v2\/media\/11267"}],"wp:attachment":[{"href":"https:\/\/delivery.supporter.ro\/en\/wp-json\/wp\/v2\/media?parent=1827"}],"wp:term":[{"taxonomy":"product_brand","embeddable":true,"href":"https:\/\/delivery.supporter.ro\/en\/wp-json\/wp\/v2\/product_brand?post=1827"},{"taxonomy":"product_cat","embeddable":true,"href":"https:\/\/delivery.supporter.ro\/en\/wp-json\/wp\/v2\/product_cat?post=1827"},{"taxonomy":"product_tag","embeddable":true,"href":"https:\/\/delivery.supporter.ro\/en\/wp-json\/wp\/v2\/product_tag?post=1827"}],"curies":[{"name":"wp","href":"https:\/\/api.w.org\/{rel}","templated":true}]}}