{"id":1248,"date":"2021-05-03T14:54:30","date_gmt":"2021-05-03T12:54:30","guid":{"rendered":"https:\/\/delivery.supporter.ro\/?post_type=product&#038;p=1248"},"modified":"2026-05-09T17:32:42","modified_gmt":"2026-05-09T15:32:42","slug":"wrc-carnivore","status":"publish","type":"product","link":"https:\/\/delivery.supporter.ro\/en\/product\/wrc-carnivore\/","title":{"rendered":"<p>Carnivore<\/p>"},"content":{"rendered":"","protected":false},"excerpt":{"rendered":"<p><strong>Ingredients:<\/strong> tomato sauce, mozzarella, bacon, ham, salami, sausages, olives, poached egg, flour, olive oil- <strong>700 gr<\/strong><p>Nutritional facts per 100g serving<\/p><p>Energy value: 313,52 Kcal\/1310,5 Kj, Total fat: 12,61 gr, out of which saturated fat: 4,54 gr, Carbohydrates: 33,63 gr, glucide out of which sugars: 5,27 gr, Protein: 15,33 gr, Salt: 2,22 gr<\/p><p>Allergens: 1*, 7*<\/p><p>1* Cereals containing gluten Wheat (such as spelt and Khorasan wheat\/Kamut), rye, barley, and oats are often found in foods containing flour, such as some types of baking powder, batter, breadcrumbs, bread, cakes, couscous, meat products, pasta, pastry, sauces, soups and fried foods which are dusted with flour.\n7*7.\tMilk and products containing it, including lactose.<\/p><p>7* Milk and products containing it, including lactose<\/p><\/p>","protected":false},"featured_media":11390,"template":"","meta":[],"product_brand":[],"product_cat":[87],"product_tag":[],"class_list":{"0":"post-1248","1":"product","2":"type-product","3":"status-publish","4":"has-post-thumbnail","6":"product_cat-pizza","8":"first","9":"instock","10":"shipping-taxable","11":"purchasable","12":"product-type-variable"},"yoast_head":"<!-- This site is optimized with the Yoast SEO plugin v27.5 - https:\/\/yoast.com\/product\/yoast-seo-wordpress\/ -->\n<title>Carnivore - Supporter Delivery<\/title>\n<meta name=\"robots\" content=\"index, follow, max-snippet:-1, max-image-preview:large, max-video-preview:-1\" \/>\n<link rel=\"canonical\" href=\"https:\/\/delivery.supporter.ro\/en\/product\/wrc-carnivore\/\" \/>\n<meta property=\"og:locale\" content=\"en_US\" \/>\n<meta property=\"og:type\" content=\"article\" \/>\n<meta property=\"og:title\" content=\"Carnivore - Supporter Delivery\" \/>\n<meta property=\"og:description\" content=\"Ingrediente : sos de rosii, mozzarella, bacon, sunca, salam, carnaciori, masline , ou, faina, ulei masline - 700 gr  Valori nutritionale pentru 100 gr  Valoare Energetica: 313,52 Kcal\/1310,5 Kj, Grasimi: 12,61 gr, din care Acizi Grasi Saturati: 4,54 gr, Glucide: 33,63 gr, din care Zaharuri: 5,27 gr, Proteine: 15,33 gr, Sare: 2,22 gr  Alergeni: 1*, 7*  1* Cereale care contin gluten (grau, secara, orz, ovaz, grau spelt, grau mare sau hibrizi ai acestora) si produse derivate  7* Lapte si produse derivate (inclusiv lactoza)\" \/>\n<meta property=\"og:url\" content=\"https:\/\/delivery.supporter.ro\/en\/product\/wrc-carnivore\/\" \/>\n<meta property=\"og:site_name\" content=\"Supporter Delivery\" \/>\n<meta property=\"article:modified_time\" content=\"2026-05-09T15:32:42+00:00\" \/>\n<meta property=\"og:image\" content=\"https:\/\/delivery.supporter.ro\/wp-content\/uploads\/2021\/05\/Black-and-White-Modern-Butter-Cake-Instagram-Post-94.jpg\" \/>\n\t<meta property=\"og:image:width\" content=\"1080\" \/>\n\t<meta property=\"og:image:height\" content=\"1350\" \/>\n\t<meta property=\"og:image:type\" content=\"image\/jpeg\" \/>\n<meta name=\"twitter:card\" content=\"summary_large_image\" \/>\n<meta name=\"twitter:label1\" content=\"Est. reading time\" \/>\n\t<meta name=\"twitter:data1\" content=\"1 minute\" \/>\n<script type=\"application\/ld+json\" class=\"yoast-schema-graph\">{\"@context\":\"https:\\\/\\\/schema.org\",\"@graph\":[{\"@type\":\"WebPage\",\"@id\":\"https:\\\/\\\/delivery.supporter.ro\\\/product\\\/wrc-carnivore\\\/\",\"url\":\"https:\\\/\\\/delivery.supporter.ro\\\/product\\\/wrc-carnivore\\\/\",\"name\":\"Carnivore - Supporter Delivery\",\"isPartOf\":{\"@id\":\"https:\\\/\\\/delivery.supporter.ro\\\/#website\"},\"primaryImageOfPage\":{\"@id\":\"https:\\\/\\\/delivery.supporter.ro\\\/product\\\/wrc-carnivore\\\/#primaryimage\"},\"image\":{\"@id\":\"https:\\\/\\\/delivery.supporter.ro\\\/product\\\/wrc-carnivore\\\/#primaryimage\"},\"thumbnailUrl\":\"https:\\\/\\\/delivery.supporter.ro\\\/wp-content\\\/uploads\\\/2021\\\/05\\\/Black-and-White-Modern-Butter-Cake-Instagram-Post-94.jpg\",\"datePublished\":\"2021-05-03T12:54:30+00:00\",\"dateModified\":\"2026-05-09T15:32:42+00:00\",\"breadcrumb\":{\"@id\":\"https:\\\/\\\/delivery.supporter.ro\\\/product\\\/wrc-carnivore\\\/#breadcrumb\"},\"inLanguage\":\"en-US\",\"potentialAction\":[{\"@type\":\"ReadAction\",\"target\":[\"https:\\\/\\\/delivery.supporter.ro\\\/product\\\/wrc-carnivore\\\/\"]}]},{\"@type\":\"ImageObject\",\"inLanguage\":\"en-US\",\"@id\":\"https:\\\/\\\/delivery.supporter.ro\\\/product\\\/wrc-carnivore\\\/#primaryimage\",\"url\":\"https:\\\/\\\/delivery.supporter.ro\\\/wp-content\\\/uploads\\\/2021\\\/05\\\/Black-and-White-Modern-Butter-Cake-Instagram-Post-94.jpg\",\"contentUrl\":\"https:\\\/\\\/delivery.supporter.ro\\\/wp-content\\\/uploads\\\/2021\\\/05\\\/Black-and-White-Modern-Butter-Cake-Instagram-Post-94.jpg\",\"width\":1080,\"height\":1350,\"caption\":\"Pizza Carnivore de la Supporter Sibiu este alegerea suprem\u0103 pentru iubitorii de carne \u0219i gusturi intense. Preparat\u0103 pe o crust\u0103 aurie, crocant\u0103 la exterior \u0219i moale \u00een interior, aceast\u0103 pizza combin\u0103 perfect \u0219unc\u0103 afumat\u0103, bacon crocant, c\u00e2rna\u021bi pican\u021bi, salam uscat \u0219i un strat generos de mozzarella topit\u0103, peste un sos de ro\u0219ii aromat.\"},{\"@type\":\"BreadcrumbList\",\"@id\":\"https:\\\/\\\/delivery.supporter.ro\\\/product\\\/wrc-carnivore\\\/#breadcrumb\",\"itemListElement\":[{\"@type\":\"ListItem\",\"position\":1,\"name\":\"Home\",\"item\":\"https:\\\/\\\/delivery.supporter.ro\\\/\"},{\"@type\":\"ListItem\",\"position\":2,\"name\":\"Shop\",\"item\":\"https:\\\/\\\/delivery.supporter.ro\\\/shop\\\/\"},{\"@type\":\"ListItem\",\"position\":3,\"name\":\"Carnivore\"}]},{\"@type\":\"WebSite\",\"@id\":\"https:\\\/\\\/delivery.supporter.ro\\\/#website\",\"url\":\"https:\\\/\\\/delivery.supporter.ro\\\/\",\"name\":\"Supporter Delivery\",\"description\":\"Supporter\",\"potentialAction\":[{\"@type\":\"SearchAction\",\"target\":{\"@type\":\"EntryPoint\",\"urlTemplate\":\"https:\\\/\\\/delivery.supporter.ro\\\/?s={search_term_string}\"},\"query-input\":{\"@type\":\"PropertyValueSpecification\",\"valueRequired\":true,\"valueName\":\"search_term_string\"}}],\"inLanguage\":\"en-US\"}]}<\/script>\n<!-- \/ Yoast SEO plugin. -->","yoast_head_json":{"title":"Carnivore - Supporter Delivery","robots":{"index":"index","follow":"follow","max-snippet":"max-snippet:-1","max-image-preview":"max-image-preview:large","max-video-preview":"max-video-preview:-1"},"canonical":"https:\/\/delivery.supporter.ro\/en\/product\/wrc-carnivore\/","og_locale":"en_US","og_type":"article","og_title":"Carnivore - Supporter Delivery","og_description":"Ingrediente : sos de rosii, mozzarella, bacon, sunca, salam, carnaciori, masline , ou, faina, ulei masline - 700 gr  Valori nutritionale pentru 100 gr  Valoare Energetica: 313,52 Kcal\/1310,5 Kj, Grasimi: 12,61 gr, din care Acizi Grasi Saturati: 4,54 gr, Glucide: 33,63 gr, din care Zaharuri: 5,27 gr, Proteine: 15,33 gr, Sare: 2,22 gr  Alergeni: 1*, 7*  1* Cereale care contin gluten (grau, secara, orz, ovaz, grau spelt, grau mare sau hibrizi ai acestora) si produse derivate  7* Lapte si produse derivate (inclusiv lactoza)","og_url":"https:\/\/delivery.supporter.ro\/en\/product\/wrc-carnivore\/","og_site_name":"Supporter Delivery","article_modified_time":"2026-05-09T15:32:42+00:00","og_image":[{"width":1080,"height":1350,"url":"https:\/\/delivery.supporter.ro\/wp-content\/uploads\/2021\/05\/Black-and-White-Modern-Butter-Cake-Instagram-Post-94.jpg","type":"image\/jpeg"}],"twitter_card":"summary_large_image","twitter_misc":{"Est. reading time":"1 minute"},"schema":{"@context":"https:\/\/schema.org","@graph":[{"@type":"WebPage","@id":"https:\/\/delivery.supporter.ro\/product\/wrc-carnivore\/","url":"https:\/\/delivery.supporter.ro\/product\/wrc-carnivore\/","name":"Carnivore - Supporter Delivery","isPartOf":{"@id":"https:\/\/delivery.supporter.ro\/#website"},"primaryImageOfPage":{"@id":"https:\/\/delivery.supporter.ro\/product\/wrc-carnivore\/#primaryimage"},"image":{"@id":"https:\/\/delivery.supporter.ro\/product\/wrc-carnivore\/#primaryimage"},"thumbnailUrl":"https:\/\/delivery.supporter.ro\/wp-content\/uploads\/2021\/05\/Black-and-White-Modern-Butter-Cake-Instagram-Post-94.jpg","datePublished":"2021-05-03T12:54:30+00:00","dateModified":"2026-05-09T15:32:42+00:00","breadcrumb":{"@id":"https:\/\/delivery.supporter.ro\/product\/wrc-carnivore\/#breadcrumb"},"inLanguage":"en-US","potentialAction":[{"@type":"ReadAction","target":["https:\/\/delivery.supporter.ro\/product\/wrc-carnivore\/"]}]},{"@type":"ImageObject","inLanguage":"en-US","@id":"https:\/\/delivery.supporter.ro\/product\/wrc-carnivore\/#primaryimage","url":"https:\/\/delivery.supporter.ro\/wp-content\/uploads\/2021\/05\/Black-and-White-Modern-Butter-Cake-Instagram-Post-94.jpg","contentUrl":"https:\/\/delivery.supporter.ro\/wp-content\/uploads\/2021\/05\/Black-and-White-Modern-Butter-Cake-Instagram-Post-94.jpg","width":1080,"height":1350,"caption":"Pizza Carnivore de la Supporter Sibiu este alegerea suprem\u0103 pentru iubitorii de carne \u0219i gusturi intense. Preparat\u0103 pe o crust\u0103 aurie, crocant\u0103 la exterior \u0219i moale \u00een interior, aceast\u0103 pizza combin\u0103 perfect \u0219unc\u0103 afumat\u0103, bacon crocant, c\u00e2rna\u021bi pican\u021bi, salam uscat \u0219i un strat generos de mozzarella topit\u0103, peste un sos de ro\u0219ii aromat."},{"@type":"BreadcrumbList","@id":"https:\/\/delivery.supporter.ro\/product\/wrc-carnivore\/#breadcrumb","itemListElement":[{"@type":"ListItem","position":1,"name":"Home","item":"https:\/\/delivery.supporter.ro\/"},{"@type":"ListItem","position":2,"name":"Shop","item":"https:\/\/delivery.supporter.ro\/shop\/"},{"@type":"ListItem","position":3,"name":"Carnivore"}]},{"@type":"WebSite","@id":"https:\/\/delivery.supporter.ro\/#website","url":"https:\/\/delivery.supporter.ro\/","name":"Supporter Delivery","description":"Supporter","potentialAction":[{"@type":"SearchAction","target":{"@type":"EntryPoint","urlTemplate":"https:\/\/delivery.supporter.ro\/?s={search_term_string}"},"query-input":{"@type":"PropertyValueSpecification","valueRequired":true,"valueName":"search_term_string"}}],"inLanguage":"en-US"}]}},"jetpack_sharing_enabled":true,"_links":{"self":[{"href":"https:\/\/delivery.supporter.ro\/en\/wp-json\/wp\/v2\/product\/1248","targetHints":{"allow":["GET"]}}],"collection":[{"href":"https:\/\/delivery.supporter.ro\/en\/wp-json\/wp\/v2\/product"}],"about":[{"href":"https:\/\/delivery.supporter.ro\/en\/wp-json\/wp\/v2\/types\/product"}],"version-history":[{"count":5,"href":"https:\/\/delivery.supporter.ro\/en\/wp-json\/wp\/v2\/product\/1248\/revisions"}],"predecessor-version":[{"id":6536,"href":"https:\/\/delivery.supporter.ro\/en\/wp-json\/wp\/v2\/product\/1248\/revisions\/6536"}],"wp:featuredmedia":[{"embeddable":true,"href":"https:\/\/delivery.supporter.ro\/en\/wp-json\/wp\/v2\/media\/11390"}],"wp:attachment":[{"href":"https:\/\/delivery.supporter.ro\/en\/wp-json\/wp\/v2\/media?parent=1248"}],"wp:term":[{"taxonomy":"product_brand","embeddable":true,"href":"https:\/\/delivery.supporter.ro\/en\/wp-json\/wp\/v2\/product_brand?post=1248"},{"taxonomy":"product_cat","embeddable":true,"href":"https:\/\/delivery.supporter.ro\/en\/wp-json\/wp\/v2\/product_cat?post=1248"},{"taxonomy":"product_tag","embeddable":true,"href":"https:\/\/delivery.supporter.ro\/en\/wp-json\/wp\/v2\/product_tag?post=1248"}],"curies":[{"name":"wp","href":"https:\/\/api.w.org\/{rel}","templated":true}]}}