{"id":1204,"date":"2021-05-03T14:43:36","date_gmt":"2021-05-03T12:43:36","guid":{"rendered":"https:\/\/delivery.supporter.ro\/?post_type=product&#038;p=1204"},"modified":"2026-05-09T17:41:17","modified_gmt":"2026-05-09T15:41:17","slug":"diavolo","status":"publish","type":"product","link":"https:\/\/delivery.supporter.ro\/en\/product\/diavolo\/","title":{"rendered":"<p>Diavolo<\/p>"},"content":{"rendered":"","protected":false},"excerpt":{"rendered":"<p><strong>Ingredients:<\/strong> tomato sauce, mozzarella, salami, mushrooms, olives, hot peppers, tabasco sauce, flour, olive oil <strong>640 gr<\/strong><p style=\"text-align: left;\">Valori Nutritionale pentru 100 gr\/ portie<\/p><p><strong>Energy value<\/strong>: 292,99 Kcal \/ 1224,71 Kj,<\/p><p><strong>Total Fat<\/strong>: 10,4 gr, out of which saturated fat: 3,85 gr, Carbohydrates: 37,03 gr, glucide out of which sugars: 5,73 gr, Protein: 11,39 gr, Salt: 1,82 gr<\/p><p>Allergens: 1*, 7*<\/p><ul>\n<li>1* Cereals containing gluten Wheat (such as spelt and Khorasan wheat\/Kamut), rye, barley, and oats are often found in foods containing flour, such as some types of baking powder, batter, breadcrumbs, bread, cakes, couscous, meat products, pasta, pastry, sauces, soups and fried foods which are dusted with flour.<\/li>\n<li>7* Milk and products containing it, including lactose.<\/li>\n<\/ul><\/p>","protected":false},"featured_media":11391,"template":"","meta":[],"product_brand":[],"product_cat":[87],"product_tag":[],"class_list":{"0":"post-1204","1":"product","2":"type-product","3":"status-publish","4":"has-post-thumbnail","6":"product_cat-pizza","8":"first","9":"instock","10":"shipping-taxable","11":"purchasable","12":"product-type-variable"},"yoast_head":"<!-- This site is optimized with the Yoast SEO plugin v27.5 - https:\/\/yoast.com\/product\/yoast-seo-wordpress\/ -->\n<title>Diavolo - Supporter Delivery<\/title>\n<meta name=\"robots\" content=\"index, follow, max-snippet:-1, max-image-preview:large, max-video-preview:-1\" \/>\n<link rel=\"canonical\" href=\"https:\/\/delivery.supporter.ro\/en\/product\/diavolo\/\" \/>\n<meta property=\"og:locale\" content=\"en_US\" \/>\n<meta property=\"og:type\" content=\"article\" \/>\n<meta property=\"og:title\" content=\"Diavolo - Supporter Delivery\" \/>\n<meta property=\"og:description\" content=\"Ingrediente : sos de rosii, mozzarella, salam, ciuperci,masline, ardei iute, tabasco, faina, ulei masline - 640 gr Valori Nutritionale pentru 100 gr\/ portie Valoare Energetic\u0103: 292,99 Kcal \/ 1224,71 Kj,  Gr\u0103simi: 10,4 gr, din care Acizi Gra\u0219i Satura\u021bi: 3,85 gr, Glucide: 37,03 gr, din care Zaharuri: 5,73 gr, Proteine: 11,39 gr, Sare: 1,82 gr  Alergeni:   1*-Cereale care contin gluten (grau, secara, orz, ovaz, grau spelt, grau mare sau hibrizi ai acestora) si produse derivate  7* - Lapte si produse derivate (inclusiv lactoza)\" \/>\n<meta property=\"og:url\" content=\"https:\/\/delivery.supporter.ro\/en\/product\/diavolo\/\" \/>\n<meta property=\"og:site_name\" content=\"Supporter Delivery\" \/>\n<meta property=\"article:modified_time\" content=\"2026-05-09T15:41:17+00:00\" \/>\n<meta property=\"og:image\" content=\"https:\/\/delivery.supporter.ro\/wp-content\/uploads\/2021\/05\/Black-and-White-Modern-Butter-Cake-Instagram-Post-95.jpg\" \/>\n\t<meta property=\"og:image:width\" content=\"1080\" \/>\n\t<meta property=\"og:image:height\" content=\"1350\" \/>\n\t<meta property=\"og:image:type\" content=\"image\/jpeg\" \/>\n<meta name=\"twitter:card\" content=\"summary_large_image\" \/>\n<script type=\"application\/ld+json\" class=\"yoast-schema-graph\">{\"@context\":\"https:\\\/\\\/schema.org\",\"@graph\":[{\"@type\":\"WebPage\",\"@id\":\"https:\\\/\\\/delivery.supporter.ro\\\/product\\\/diavolo\\\/\",\"url\":\"https:\\\/\\\/delivery.supporter.ro\\\/product\\\/diavolo\\\/\",\"name\":\"Diavolo - Supporter Delivery\",\"isPartOf\":{\"@id\":\"https:\\\/\\\/delivery.supporter.ro\\\/#website\"},\"primaryImageOfPage\":{\"@id\":\"https:\\\/\\\/delivery.supporter.ro\\\/product\\\/diavolo\\\/#primaryimage\"},\"image\":{\"@id\":\"https:\\\/\\\/delivery.supporter.ro\\\/product\\\/diavolo\\\/#primaryimage\"},\"thumbnailUrl\":\"https:\\\/\\\/delivery.supporter.ro\\\/wp-content\\\/uploads\\\/2021\\\/05\\\/Black-and-White-Modern-Butter-Cake-Instagram-Post-95.jpg\",\"datePublished\":\"2021-05-03T12:43:36+00:00\",\"dateModified\":\"2026-05-09T15:41:17+00:00\",\"breadcrumb\":{\"@id\":\"https:\\\/\\\/delivery.supporter.ro\\\/product\\\/diavolo\\\/#breadcrumb\"},\"inLanguage\":\"en-US\",\"potentialAction\":[{\"@type\":\"ReadAction\",\"target\":[\"https:\\\/\\\/delivery.supporter.ro\\\/product\\\/diavolo\\\/\"]}]},{\"@type\":\"ImageObject\",\"inLanguage\":\"en-US\",\"@id\":\"https:\\\/\\\/delivery.supporter.ro\\\/product\\\/diavolo\\\/#primaryimage\",\"url\":\"https:\\\/\\\/delivery.supporter.ro\\\/wp-content\\\/uploads\\\/2021\\\/05\\\/Black-and-White-Modern-Butter-Cake-Instagram-Post-95.jpg\",\"contentUrl\":\"https:\\\/\\\/delivery.supporter.ro\\\/wp-content\\\/uploads\\\/2021\\\/05\\\/Black-and-White-Modern-Butter-Cake-Instagram-Post-95.jpg\",\"width\":1080,\"height\":1350,\"caption\":\"Disponibil\u0103 cu livrare rapid\u0103 \u00een Sibiu, este una dintre cele mai apreciate op\u021biuni din meniul Supporter Delivery, datorit\u0103 ingredientelor premium, gustului autentic italian \u0219i aspectului apetisant.\"},{\"@type\":\"BreadcrumbList\",\"@id\":\"https:\\\/\\\/delivery.supporter.ro\\\/product\\\/diavolo\\\/#breadcrumb\",\"itemListElement\":[{\"@type\":\"ListItem\",\"position\":1,\"name\":\"Home\",\"item\":\"https:\\\/\\\/delivery.supporter.ro\\\/\"},{\"@type\":\"ListItem\",\"position\":2,\"name\":\"Shop\",\"item\":\"https:\\\/\\\/delivery.supporter.ro\\\/shop\\\/\"},{\"@type\":\"ListItem\",\"position\":3,\"name\":\"Diavolo\"}]},{\"@type\":\"WebSite\",\"@id\":\"https:\\\/\\\/delivery.supporter.ro\\\/#website\",\"url\":\"https:\\\/\\\/delivery.supporter.ro\\\/\",\"name\":\"Supporter Delivery\",\"description\":\"Supporter\",\"potentialAction\":[{\"@type\":\"SearchAction\",\"target\":{\"@type\":\"EntryPoint\",\"urlTemplate\":\"https:\\\/\\\/delivery.supporter.ro\\\/?s={search_term_string}\"},\"query-input\":{\"@type\":\"PropertyValueSpecification\",\"valueRequired\":true,\"valueName\":\"search_term_string\"}}],\"inLanguage\":\"en-US\"}]}<\/script>\n<!-- \/ Yoast SEO plugin. -->","yoast_head_json":{"title":"Diavolo - Supporter Delivery","robots":{"index":"index","follow":"follow","max-snippet":"max-snippet:-1","max-image-preview":"max-image-preview:large","max-video-preview":"max-video-preview:-1"},"canonical":"https:\/\/delivery.supporter.ro\/en\/product\/diavolo\/","og_locale":"en_US","og_type":"article","og_title":"Diavolo - Supporter Delivery","og_description":"Ingrediente : sos de rosii, mozzarella, salam, ciuperci,masline, ardei iute, tabasco, faina, ulei masline - 640 gr Valori Nutritionale pentru 100 gr\/ portie Valoare Energetic\u0103: 292,99 Kcal \/ 1224,71 Kj,  Gr\u0103simi: 10,4 gr, din care Acizi Gra\u0219i Satura\u021bi: 3,85 gr, Glucide: 37,03 gr, din care Zaharuri: 5,73 gr, Proteine: 11,39 gr, Sare: 1,82 gr  Alergeni:   1*-Cereale care contin gluten (grau, secara, orz, ovaz, grau spelt, grau mare sau hibrizi ai acestora) si produse derivate  7* - Lapte si produse derivate (inclusiv lactoza)","og_url":"https:\/\/delivery.supporter.ro\/en\/product\/diavolo\/","og_site_name":"Supporter Delivery","article_modified_time":"2026-05-09T15:41:17+00:00","og_image":[{"width":1080,"height":1350,"url":"https:\/\/delivery.supporter.ro\/wp-content\/uploads\/2021\/05\/Black-and-White-Modern-Butter-Cake-Instagram-Post-95.jpg","type":"image\/jpeg"}],"twitter_card":"summary_large_image","schema":{"@context":"https:\/\/schema.org","@graph":[{"@type":"WebPage","@id":"https:\/\/delivery.supporter.ro\/product\/diavolo\/","url":"https:\/\/delivery.supporter.ro\/product\/diavolo\/","name":"Diavolo - Supporter Delivery","isPartOf":{"@id":"https:\/\/delivery.supporter.ro\/#website"},"primaryImageOfPage":{"@id":"https:\/\/delivery.supporter.ro\/product\/diavolo\/#primaryimage"},"image":{"@id":"https:\/\/delivery.supporter.ro\/product\/diavolo\/#primaryimage"},"thumbnailUrl":"https:\/\/delivery.supporter.ro\/wp-content\/uploads\/2021\/05\/Black-and-White-Modern-Butter-Cake-Instagram-Post-95.jpg","datePublished":"2021-05-03T12:43:36+00:00","dateModified":"2026-05-09T15:41:17+00:00","breadcrumb":{"@id":"https:\/\/delivery.supporter.ro\/product\/diavolo\/#breadcrumb"},"inLanguage":"en-US","potentialAction":[{"@type":"ReadAction","target":["https:\/\/delivery.supporter.ro\/product\/diavolo\/"]}]},{"@type":"ImageObject","inLanguage":"en-US","@id":"https:\/\/delivery.supporter.ro\/product\/diavolo\/#primaryimage","url":"https:\/\/delivery.supporter.ro\/wp-content\/uploads\/2021\/05\/Black-and-White-Modern-Butter-Cake-Instagram-Post-95.jpg","contentUrl":"https:\/\/delivery.supporter.ro\/wp-content\/uploads\/2021\/05\/Black-and-White-Modern-Butter-Cake-Instagram-Post-95.jpg","width":1080,"height":1350,"caption":"Disponibil\u0103 cu livrare rapid\u0103 \u00een Sibiu, este una dintre cele mai apreciate op\u021biuni din meniul Supporter Delivery, datorit\u0103 ingredientelor premium, gustului autentic italian \u0219i aspectului apetisant."},{"@type":"BreadcrumbList","@id":"https:\/\/delivery.supporter.ro\/product\/diavolo\/#breadcrumb","itemListElement":[{"@type":"ListItem","position":1,"name":"Home","item":"https:\/\/delivery.supporter.ro\/"},{"@type":"ListItem","position":2,"name":"Shop","item":"https:\/\/delivery.supporter.ro\/shop\/"},{"@type":"ListItem","position":3,"name":"Diavolo"}]},{"@type":"WebSite","@id":"https:\/\/delivery.supporter.ro\/#website","url":"https:\/\/delivery.supporter.ro\/","name":"Supporter Delivery","description":"Supporter","potentialAction":[{"@type":"SearchAction","target":{"@type":"EntryPoint","urlTemplate":"https:\/\/delivery.supporter.ro\/?s={search_term_string}"},"query-input":{"@type":"PropertyValueSpecification","valueRequired":true,"valueName":"search_term_string"}}],"inLanguage":"en-US"}]}},"jetpack_sharing_enabled":true,"_links":{"self":[{"href":"https:\/\/delivery.supporter.ro\/en\/wp-json\/wp\/v2\/product\/1204","targetHints":{"allow":["GET"]}}],"collection":[{"href":"https:\/\/delivery.supporter.ro\/en\/wp-json\/wp\/v2\/product"}],"about":[{"href":"https:\/\/delivery.supporter.ro\/en\/wp-json\/wp\/v2\/types\/product"}],"version-history":[{"count":23,"href":"https:\/\/delivery.supporter.ro\/en\/wp-json\/wp\/v2\/product\/1204\/revisions"}],"predecessor-version":[{"id":5865,"href":"https:\/\/delivery.supporter.ro\/en\/wp-json\/wp\/v2\/product\/1204\/revisions\/5865"}],"wp:featuredmedia":[{"embeddable":true,"href":"https:\/\/delivery.supporter.ro\/en\/wp-json\/wp\/v2\/media\/11391"}],"wp:attachment":[{"href":"https:\/\/delivery.supporter.ro\/en\/wp-json\/wp\/v2\/media?parent=1204"}],"wp:term":[{"taxonomy":"product_brand","embeddable":true,"href":"https:\/\/delivery.supporter.ro\/en\/wp-json\/wp\/v2\/product_brand?post=1204"},{"taxonomy":"product_cat","embeddable":true,"href":"https:\/\/delivery.supporter.ro\/en\/wp-json\/wp\/v2\/product_cat?post=1204"},{"taxonomy":"product_tag","embeddable":true,"href":"https:\/\/delivery.supporter.ro\/en\/wp-json\/wp\/v2\/product_tag?post=1204"}],"curies":[{"name":"wp","href":"https:\/\/api.w.org\/{rel}","templated":true}]}}