{"id":1166,"date":"2021-05-03T14:33:46","date_gmt":"2021-05-03T12:33:46","guid":{"rendered":"https:\/\/delivery.supporter.ro\/?post_type=product&#038;p=1166"},"modified":"2026-05-09T17:19:24","modified_gmt":"2026-05-09T15:19:24","slug":"quatro-stagionni","status":"publish","type":"product","link":"https:\/\/delivery.supporter.ro\/en\/product\/quatro-stagionni\/","title":{"rendered":"<p>Quatro Stagionni<\/p>"},"content":{"rendered":"","protected":false},"excerpt":{"rendered":"<p><strong>Ingredients:<\/strong> tomato sauce, mozzarella, ham, salami, mushrooms, red peppers, flour, olive oil <strong>625 gr<\/strong><p>Nutritional facts per 100g serving<\/p><p>Energy value: 295,9 Kcal\/1236,85 Kj, Total fat: 8,44 gr, out of which saturated fat: 3,22 gr, Carbohydrates: 41,76 gr, glucide out of which sugars: 6,26 gr, Protein: 12,02 gr, Salt: 2,06 gr<\/p><p>Allergens: 1*, 7*<\/p><p>1* Cereals containing gluten Wheat (such as spelt and Khorasan wheat\/Kamut), rye, barley, and oats are often found in foods containing flour, such as some types of baking powder, batter, breadcrumbs, bread, cakes, couscous, meat products, pasta, pastry, sauces, soups and fried foods which are dusted with flour.<\/p><p>7* Milk and products containing it, including lactose.<\/p><\/p>","protected":false},"featured_media":11388,"template":"","meta":[],"product_brand":[],"product_cat":[87],"product_tag":[],"class_list":{"0":"post-1166","1":"product","2":"type-product","3":"status-publish","4":"has-post-thumbnail","6":"product_cat-pizza","8":"first","9":"instock","10":"shipping-taxable","11":"purchasable","12":"product-type-variable"},"yoast_head":"<!-- This site is optimized with the Yoast SEO plugin v27.5 - https:\/\/yoast.com\/product\/yoast-seo-wordpress\/ -->\n<title>Quatro Stagionni - Supporter Delivery<\/title>\n<meta name=\"robots\" content=\"index, follow, max-snippet:-1, max-image-preview:large, max-video-preview:-1\" \/>\n<link rel=\"canonical\" href=\"https:\/\/delivery.supporter.ro\/en\/product\/quatro-stagionni\/\" \/>\n<meta property=\"og:locale\" content=\"en_US\" \/>\n<meta property=\"og:type\" content=\"article\" \/>\n<meta property=\"og:title\" content=\"Quatro Stagionni - Supporter Delivery\" \/>\n<meta property=\"og:description\" content=\"Ingrediente : sos de rosii, mozzarella, sunca, salam, ciuperci, gogosari, faina, ulei masline- 625 gr  Valori nutritionale pentru 100 gr  Valoare Energetica: 295,9 Kcal\/1236,85 Kj, Grasimi: 8,44 gr, din care Acizi Grasi Saturati: 3,22 gr, Glucide: 41,76 gr, din care Zaharuri: 6,26 gr, Proteine: 12,02 gr, Sare: 2,06 gr  Alergeni: 1*, 7*  1*-Cereale care contin gluten (grau, secara, orz, ovaz, grau spelt, grau mare sau hibrizi ai acestora) si produse derivate  7* \u2013 Lapte si produse derivate (inclusiv lactoza)\" \/>\n<meta property=\"og:url\" content=\"https:\/\/delivery.supporter.ro\/en\/product\/quatro-stagionni\/\" \/>\n<meta property=\"og:site_name\" content=\"Supporter Delivery\" \/>\n<meta property=\"article:modified_time\" content=\"2026-05-09T15:19:24+00:00\" \/>\n<meta property=\"og:image\" content=\"https:\/\/delivery.supporter.ro\/wp-content\/uploads\/2021\/05\/Black-and-White-Modern-Butter-Cake-Instagram-Post-92.jpg\" \/>\n\t<meta property=\"og:image:width\" content=\"1080\" \/>\n\t<meta property=\"og:image:height\" content=\"1350\" \/>\n\t<meta property=\"og:image:type\" content=\"image\/jpeg\" \/>\n<meta name=\"twitter:card\" content=\"summary_large_image\" \/>\n<script type=\"application\/ld+json\" class=\"yoast-schema-graph\">{\"@context\":\"https:\\\/\\\/schema.org\",\"@graph\":[{\"@type\":\"WebPage\",\"@id\":\"https:\\\/\\\/delivery.supporter.ro\\\/product\\\/quatro-stagionni\\\/\",\"url\":\"https:\\\/\\\/delivery.supporter.ro\\\/product\\\/quatro-stagionni\\\/\",\"name\":\"Quatro Stagionni - Supporter Delivery\",\"isPartOf\":{\"@id\":\"https:\\\/\\\/delivery.supporter.ro\\\/#website\"},\"primaryImageOfPage\":{\"@id\":\"https:\\\/\\\/delivery.supporter.ro\\\/product\\\/quatro-stagionni\\\/#primaryimage\"},\"image\":{\"@id\":\"https:\\\/\\\/delivery.supporter.ro\\\/product\\\/quatro-stagionni\\\/#primaryimage\"},\"thumbnailUrl\":\"https:\\\/\\\/delivery.supporter.ro\\\/wp-content\\\/uploads\\\/2021\\\/05\\\/Black-and-White-Modern-Butter-Cake-Instagram-Post-92.jpg\",\"datePublished\":\"2021-05-03T12:33:46+00:00\",\"dateModified\":\"2026-05-09T15:19:24+00:00\",\"breadcrumb\":{\"@id\":\"https:\\\/\\\/delivery.supporter.ro\\\/product\\\/quatro-stagionni\\\/#breadcrumb\"},\"inLanguage\":\"en-US\",\"potentialAction\":[{\"@type\":\"ReadAction\",\"target\":[\"https:\\\/\\\/delivery.supporter.ro\\\/product\\\/quatro-stagionni\\\/\"]}]},{\"@type\":\"ImageObject\",\"inLanguage\":\"en-US\",\"@id\":\"https:\\\/\\\/delivery.supporter.ro\\\/product\\\/quatro-stagionni\\\/#primaryimage\",\"url\":\"https:\\\/\\\/delivery.supporter.ro\\\/wp-content\\\/uploads\\\/2021\\\/05\\\/Black-and-White-Modern-Butter-Cake-Instagram-Post-92.jpg\",\"contentUrl\":\"https:\\\/\\\/delivery.supporter.ro\\\/wp-content\\\/uploads\\\/2021\\\/05\\\/Black-and-White-Modern-Butter-Cake-Instagram-Post-92.jpg\",\"width\":1080,\"height\":1350,\"caption\":\"Pizza Quattro Stagioni de la Supporter Sibiu este o alegere clasic\u0103 \u0219i rafinat\u0103, perfect\u0103 pentru cei care iubesc diversitatea gusturilor autentice italiene. Fiecare sfert al acestei pizza reprezint\u0103 un anotimp al savorii: \u0219unc\u0103 fin\u0103, ciuperci aromate, m\u0103sline negre \u0219i ardei proaspe\u021bi, toate a\u0219ezate pe o crust\u0103 aurie, u\u0219or crocant\u0103, acoperit\u0103 cu sos de ro\u0219ii \u0219i br\u00e2nz\u0103 mozzarella.\"},{\"@type\":\"BreadcrumbList\",\"@id\":\"https:\\\/\\\/delivery.supporter.ro\\\/product\\\/quatro-stagionni\\\/#breadcrumb\",\"itemListElement\":[{\"@type\":\"ListItem\",\"position\":1,\"name\":\"Home\",\"item\":\"https:\\\/\\\/delivery.supporter.ro\\\/\"},{\"@type\":\"ListItem\",\"position\":2,\"name\":\"Shop\",\"item\":\"https:\\\/\\\/delivery.supporter.ro\\\/shop\\\/\"},{\"@type\":\"ListItem\",\"position\":3,\"name\":\"Quatro Stagionni\"}]},{\"@type\":\"WebSite\",\"@id\":\"https:\\\/\\\/delivery.supporter.ro\\\/#website\",\"url\":\"https:\\\/\\\/delivery.supporter.ro\\\/\",\"name\":\"Supporter Delivery\",\"description\":\"Supporter\",\"potentialAction\":[{\"@type\":\"SearchAction\",\"target\":{\"@type\":\"EntryPoint\",\"urlTemplate\":\"https:\\\/\\\/delivery.supporter.ro\\\/?s={search_term_string}\"},\"query-input\":{\"@type\":\"PropertyValueSpecification\",\"valueRequired\":true,\"valueName\":\"search_term_string\"}}],\"inLanguage\":\"en-US\"}]}<\/script>\n<!-- \/ Yoast SEO plugin. -->","yoast_head_json":{"title":"Quatro Stagionni - Supporter Delivery","robots":{"index":"index","follow":"follow","max-snippet":"max-snippet:-1","max-image-preview":"max-image-preview:large","max-video-preview":"max-video-preview:-1"},"canonical":"https:\/\/delivery.supporter.ro\/en\/product\/quatro-stagionni\/","og_locale":"en_US","og_type":"article","og_title":"Quatro Stagionni - Supporter Delivery","og_description":"Ingrediente : sos de rosii, mozzarella, sunca, salam, ciuperci, gogosari, faina, ulei masline- 625 gr  Valori nutritionale pentru 100 gr  Valoare Energetica: 295,9 Kcal\/1236,85 Kj, Grasimi: 8,44 gr, din care Acizi Grasi Saturati: 3,22 gr, Glucide: 41,76 gr, din care Zaharuri: 6,26 gr, Proteine: 12,02 gr, Sare: 2,06 gr  Alergeni: 1*, 7*  1*-Cereale care contin gluten (grau, secara, orz, ovaz, grau spelt, grau mare sau hibrizi ai acestora) si produse derivate  7* \u2013 Lapte si produse derivate (inclusiv lactoza)","og_url":"https:\/\/delivery.supporter.ro\/en\/product\/quatro-stagionni\/","og_site_name":"Supporter Delivery","article_modified_time":"2026-05-09T15:19:24+00:00","og_image":[{"width":1080,"height":1350,"url":"https:\/\/delivery.supporter.ro\/wp-content\/uploads\/2021\/05\/Black-and-White-Modern-Butter-Cake-Instagram-Post-92.jpg","type":"image\/jpeg"}],"twitter_card":"summary_large_image","schema":{"@context":"https:\/\/schema.org","@graph":[{"@type":"WebPage","@id":"https:\/\/delivery.supporter.ro\/product\/quatro-stagionni\/","url":"https:\/\/delivery.supporter.ro\/product\/quatro-stagionni\/","name":"Quatro Stagionni - Supporter Delivery","isPartOf":{"@id":"https:\/\/delivery.supporter.ro\/#website"},"primaryImageOfPage":{"@id":"https:\/\/delivery.supporter.ro\/product\/quatro-stagionni\/#primaryimage"},"image":{"@id":"https:\/\/delivery.supporter.ro\/product\/quatro-stagionni\/#primaryimage"},"thumbnailUrl":"https:\/\/delivery.supporter.ro\/wp-content\/uploads\/2021\/05\/Black-and-White-Modern-Butter-Cake-Instagram-Post-92.jpg","datePublished":"2021-05-03T12:33:46+00:00","dateModified":"2026-05-09T15:19:24+00:00","breadcrumb":{"@id":"https:\/\/delivery.supporter.ro\/product\/quatro-stagionni\/#breadcrumb"},"inLanguage":"en-US","potentialAction":[{"@type":"ReadAction","target":["https:\/\/delivery.supporter.ro\/product\/quatro-stagionni\/"]}]},{"@type":"ImageObject","inLanguage":"en-US","@id":"https:\/\/delivery.supporter.ro\/product\/quatro-stagionni\/#primaryimage","url":"https:\/\/delivery.supporter.ro\/wp-content\/uploads\/2021\/05\/Black-and-White-Modern-Butter-Cake-Instagram-Post-92.jpg","contentUrl":"https:\/\/delivery.supporter.ro\/wp-content\/uploads\/2021\/05\/Black-and-White-Modern-Butter-Cake-Instagram-Post-92.jpg","width":1080,"height":1350,"caption":"Pizza Quattro Stagioni de la Supporter Sibiu este o alegere clasic\u0103 \u0219i rafinat\u0103, perfect\u0103 pentru cei care iubesc diversitatea gusturilor autentice italiene. Fiecare sfert al acestei pizza reprezint\u0103 un anotimp al savorii: \u0219unc\u0103 fin\u0103, ciuperci aromate, m\u0103sline negre \u0219i ardei proaspe\u021bi, toate a\u0219ezate pe o crust\u0103 aurie, u\u0219or crocant\u0103, acoperit\u0103 cu sos de ro\u0219ii \u0219i br\u00e2nz\u0103 mozzarella."},{"@type":"BreadcrumbList","@id":"https:\/\/delivery.supporter.ro\/product\/quatro-stagionni\/#breadcrumb","itemListElement":[{"@type":"ListItem","position":1,"name":"Home","item":"https:\/\/delivery.supporter.ro\/"},{"@type":"ListItem","position":2,"name":"Shop","item":"https:\/\/delivery.supporter.ro\/shop\/"},{"@type":"ListItem","position":3,"name":"Quatro Stagionni"}]},{"@type":"WebSite","@id":"https:\/\/delivery.supporter.ro\/#website","url":"https:\/\/delivery.supporter.ro\/","name":"Supporter Delivery","description":"Supporter","potentialAction":[{"@type":"SearchAction","target":{"@type":"EntryPoint","urlTemplate":"https:\/\/delivery.supporter.ro\/?s={search_term_string}"},"query-input":{"@type":"PropertyValueSpecification","valueRequired":true,"valueName":"search_term_string"}}],"inLanguage":"en-US"}]}},"jetpack_sharing_enabled":true,"_links":{"self":[{"href":"https:\/\/delivery.supporter.ro\/en\/wp-json\/wp\/v2\/product\/1166","targetHints":{"allow":["GET"]}}],"collection":[{"href":"https:\/\/delivery.supporter.ro\/en\/wp-json\/wp\/v2\/product"}],"about":[{"href":"https:\/\/delivery.supporter.ro\/en\/wp-json\/wp\/v2\/types\/product"}],"version-history":[{"count":6,"href":"https:\/\/delivery.supporter.ro\/en\/wp-json\/wp\/v2\/product\/1166\/revisions"}],"predecessor-version":[{"id":6545,"href":"https:\/\/delivery.supporter.ro\/en\/wp-json\/wp\/v2\/product\/1166\/revisions\/6545"}],"wp:featuredmedia":[{"embeddable":true,"href":"https:\/\/delivery.supporter.ro\/en\/wp-json\/wp\/v2\/media\/11388"}],"wp:attachment":[{"href":"https:\/\/delivery.supporter.ro\/en\/wp-json\/wp\/v2\/media?parent=1166"}],"wp:term":[{"taxonomy":"product_brand","embeddable":true,"href":"https:\/\/delivery.supporter.ro\/en\/wp-json\/wp\/v2\/product_brand?post=1166"},{"taxonomy":"product_cat","embeddable":true,"href":"https:\/\/delivery.supporter.ro\/en\/wp-json\/wp\/v2\/product_cat?post=1166"},{"taxonomy":"product_tag","embeddable":true,"href":"https:\/\/delivery.supporter.ro\/en\/wp-json\/wp\/v2\/product_tag?post=1166"}],"curies":[{"name":"wp","href":"https:\/\/api.w.org\/{rel}","templated":true}]}}