{"id":1158,"date":"2021-05-03T14:32:07","date_gmt":"2021-05-03T12:32:07","guid":{"rendered":"https:\/\/delivery.supporter.ro\/?post_type=product&#038;p=1158"},"modified":"2026-05-09T18:10:07","modified_gmt":"2026-05-09T16:10:07","slug":"prosciuttofunghi","status":"publish","type":"product","link":"https:\/\/delivery.supporter.ro\/en\/product\/prosciuttofunghi\/","title":{"rendered":"<p>Prosciutto &amp; Funghi<\/p>"},"content":{"rendered":"","protected":false},"excerpt":{"rendered":"<p><strong>Ingredients: <\/strong>tomato sauce, mozzarella, ham, mushrooms, flour, olive oil <strong>&ndash; 565 gr<\/strong><p>Nutritional facts per 100g serving<\/p><p>Energy value: 283,87 Kcal\/1186,56 Kj, Total fat: 7,1 gr, out of which saturated fat: 2,46 gr, Carbohydrates: 41,46 gr, glucide out of which sugars: 6,15 gr, Protein: 12,56 gr, Salt: 2,22 gr<\/p><p>Allergens: 1*, 7*<\/p><p>1* Cereals containing gluten Wheat (such as spelt and Khorasan wheat\/Kamut), rye, barley, and oats are often found in foods containing flour, such as some types of baking powder, batter, breadcrumbs, bread, cakes, couscous, meat products, pasta, pastry, sauces, soups and fried foods which are dusted with flour.<\/p><p>7* Milk and products containing it, including lactose.<\/p><\/p>","protected":false},"featured_media":11395,"template":"","meta":[],"product_brand":[],"product_cat":[87],"product_tag":[],"class_list":{"0":"post-1158","1":"product","2":"type-product","3":"status-publish","4":"has-post-thumbnail","6":"product_cat-pizza","8":"first","9":"instock","10":"shipping-taxable","11":"purchasable","12":"product-type-variable"},"yoast_head":"<!-- This site is optimized with the Yoast SEO plugin v27.5 - https:\/\/yoast.com\/product\/yoast-seo-wordpress\/ -->\n<title>Prosciutto &amp; Funghi - Supporter Delivery<\/title>\n<meta name=\"robots\" content=\"index, follow, max-snippet:-1, max-image-preview:large, max-video-preview:-1\" \/>\n<link rel=\"canonical\" href=\"https:\/\/delivery.supporter.ro\/en\/product\/prosciuttofunghi\/\" \/>\n<meta property=\"og:locale\" content=\"en_US\" \/>\n<meta property=\"og:type\" content=\"article\" \/>\n<meta property=\"og:title\" content=\"Prosciutto &amp; Funghi - Supporter Delivery\" \/>\n<meta property=\"og:description\" content=\"Ingrediente : sos de rosii, mozzarella, sunca, ciuperci, faina, ulei masline - 565 gr  Valori nutritionale pentru 100 gr  Valoare Energetica: 283,87 Kcal\/1186,56 Kj, Grasimi: 7,1 gr, din care Acizi GraSi Saturati: 2,46 gr, Glucide: 41,46 gr, din care Zaharuri: 6,15 gr, Proteine: 12,56 gr, Sare: 2,22 gr  Alergeni: 1*, 7*  1*-Cereale care contin gluten (grau, secara, orz, ovaz, grau spelt, grau mare sau hibrizi ai acestora) si produse derivate  7* \u2013 Lapte si produse derivate (inclusiv lactoza)\" \/>\n<meta property=\"og:url\" content=\"https:\/\/delivery.supporter.ro\/en\/product\/prosciuttofunghi\/\" \/>\n<meta property=\"og:site_name\" content=\"Supporter Delivery\" \/>\n<meta property=\"article:modified_time\" content=\"2026-05-09T16:10:07+00:00\" \/>\n<meta property=\"og:image\" content=\"https:\/\/delivery.supporter.ro\/wp-content\/uploads\/2021\/05\/Black-and-White-Modern-Butter-Cake-Instagram-Post-99.jpg\" \/>\n\t<meta property=\"og:image:width\" content=\"1080\" \/>\n\t<meta property=\"og:image:height\" content=\"1350\" \/>\n\t<meta property=\"og:image:type\" content=\"image\/jpeg\" \/>\n<meta name=\"twitter:card\" content=\"summary_large_image\" \/>\n<meta name=\"twitter:label1\" content=\"Est. reading time\" \/>\n\t<meta name=\"twitter:data1\" content=\"1 minute\" \/>\n<script type=\"application\/ld+json\" class=\"yoast-schema-graph\">{\"@context\":\"https:\\\/\\\/schema.org\",\"@graph\":[{\"@type\":\"WebPage\",\"@id\":\"https:\\\/\\\/delivery.supporter.ro\\\/product\\\/prosciuttofunghi\\\/\",\"url\":\"https:\\\/\\\/delivery.supporter.ro\\\/product\\\/prosciuttofunghi\\\/\",\"name\":\"Prosciutto & Funghi - Supporter Delivery\",\"isPartOf\":{\"@id\":\"https:\\\/\\\/delivery.supporter.ro\\\/#website\"},\"primaryImageOfPage\":{\"@id\":\"https:\\\/\\\/delivery.supporter.ro\\\/product\\\/prosciuttofunghi\\\/#primaryimage\"},\"image\":{\"@id\":\"https:\\\/\\\/delivery.supporter.ro\\\/product\\\/prosciuttofunghi\\\/#primaryimage\"},\"thumbnailUrl\":\"https:\\\/\\\/delivery.supporter.ro\\\/wp-content\\\/uploads\\\/2021\\\/05\\\/Black-and-White-Modern-Butter-Cake-Instagram-Post-99.jpg\",\"datePublished\":\"2021-05-03T12:32:07+00:00\",\"dateModified\":\"2026-05-09T16:10:07+00:00\",\"breadcrumb\":{\"@id\":\"https:\\\/\\\/delivery.supporter.ro\\\/product\\\/prosciuttofunghi\\\/#breadcrumb\"},\"inLanguage\":\"en-US\",\"potentialAction\":[{\"@type\":\"ReadAction\",\"target\":[\"https:\\\/\\\/delivery.supporter.ro\\\/product\\\/prosciuttofunghi\\\/\"]}]},{\"@type\":\"ImageObject\",\"inLanguage\":\"en-US\",\"@id\":\"https:\\\/\\\/delivery.supporter.ro\\\/product\\\/prosciuttofunghi\\\/#primaryimage\",\"url\":\"https:\\\/\\\/delivery.supporter.ro\\\/wp-content\\\/uploads\\\/2021\\\/05\\\/Black-and-White-Modern-Butter-Cake-Instagram-Post-99.jpg\",\"contentUrl\":\"https:\\\/\\\/delivery.supporter.ro\\\/wp-content\\\/uploads\\\/2021\\\/05\\\/Black-and-White-Modern-Butter-Cake-Instagram-Post-99.jpg\",\"width\":1080,\"height\":1350,\"caption\":\"izza Prosciutto & Funghi de la Supporter Delivery combin\u0103 gustul autentic italian cu ingrediente de calitate superioar\u0103. Blatul sub\u021bire \u0219i crocant este acoperit cu sos de ro\u0219ii aromat, mozzarella topit\u0103, \u0219unc\u0103 fin\u0103 \u0219i ciuperci proaspete \u2014 o armonie perfect\u0103 \u00eentre texturi \u0219i arome. Fiecare felie ofer\u0103 un echilibru \u00eentre dulcea\u021ba br\u00e2nzei, savoarea ciupercilor \u0219i gustul intens al \u0219uncii, pentru o experien\u021b\u0103 culinar\u0103 complet\u0103.\"},{\"@type\":\"BreadcrumbList\",\"@id\":\"https:\\\/\\\/delivery.supporter.ro\\\/product\\\/prosciuttofunghi\\\/#breadcrumb\",\"itemListElement\":[{\"@type\":\"ListItem\",\"position\":1,\"name\":\"Home\",\"item\":\"https:\\\/\\\/delivery.supporter.ro\\\/\"},{\"@type\":\"ListItem\",\"position\":2,\"name\":\"Shop\",\"item\":\"https:\\\/\\\/delivery.supporter.ro\\\/shop\\\/\"},{\"@type\":\"ListItem\",\"position\":3,\"name\":\"Prosciutto &#038; Funghi\"}]},{\"@type\":\"WebSite\",\"@id\":\"https:\\\/\\\/delivery.supporter.ro\\\/#website\",\"url\":\"https:\\\/\\\/delivery.supporter.ro\\\/\",\"name\":\"Supporter Delivery\",\"description\":\"Supporter\",\"potentialAction\":[{\"@type\":\"SearchAction\",\"target\":{\"@type\":\"EntryPoint\",\"urlTemplate\":\"https:\\\/\\\/delivery.supporter.ro\\\/?s={search_term_string}\"},\"query-input\":{\"@type\":\"PropertyValueSpecification\",\"valueRequired\":true,\"valueName\":\"search_term_string\"}}],\"inLanguage\":\"en-US\"}]}<\/script>\n<!-- \/ Yoast SEO plugin. -->","yoast_head_json":{"title":"Prosciutto & Funghi - Supporter Delivery","robots":{"index":"index","follow":"follow","max-snippet":"max-snippet:-1","max-image-preview":"max-image-preview:large","max-video-preview":"max-video-preview:-1"},"canonical":"https:\/\/delivery.supporter.ro\/en\/product\/prosciuttofunghi\/","og_locale":"en_US","og_type":"article","og_title":"Prosciutto & Funghi - Supporter Delivery","og_description":"Ingrediente : sos de rosii, mozzarella, sunca, ciuperci, faina, ulei masline - 565 gr  Valori nutritionale pentru 100 gr  Valoare Energetica: 283,87 Kcal\/1186,56 Kj, Grasimi: 7,1 gr, din care Acizi GraSi Saturati: 2,46 gr, Glucide: 41,46 gr, din care Zaharuri: 6,15 gr, Proteine: 12,56 gr, Sare: 2,22 gr  Alergeni: 1*, 7*  1*-Cereale care contin gluten (grau, secara, orz, ovaz, grau spelt, grau mare sau hibrizi ai acestora) si produse derivate  7* \u2013 Lapte si produse derivate (inclusiv lactoza)","og_url":"https:\/\/delivery.supporter.ro\/en\/product\/prosciuttofunghi\/","og_site_name":"Supporter Delivery","article_modified_time":"2026-05-09T16:10:07+00:00","og_image":[{"width":1080,"height":1350,"url":"https:\/\/delivery.supporter.ro\/wp-content\/uploads\/2021\/05\/Black-and-White-Modern-Butter-Cake-Instagram-Post-99.jpg","type":"image\/jpeg"}],"twitter_card":"summary_large_image","twitter_misc":{"Est. reading time":"1 minute"},"schema":{"@context":"https:\/\/schema.org","@graph":[{"@type":"WebPage","@id":"https:\/\/delivery.supporter.ro\/product\/prosciuttofunghi\/","url":"https:\/\/delivery.supporter.ro\/product\/prosciuttofunghi\/","name":"Prosciutto & Funghi - Supporter Delivery","isPartOf":{"@id":"https:\/\/delivery.supporter.ro\/#website"},"primaryImageOfPage":{"@id":"https:\/\/delivery.supporter.ro\/product\/prosciuttofunghi\/#primaryimage"},"image":{"@id":"https:\/\/delivery.supporter.ro\/product\/prosciuttofunghi\/#primaryimage"},"thumbnailUrl":"https:\/\/delivery.supporter.ro\/wp-content\/uploads\/2021\/05\/Black-and-White-Modern-Butter-Cake-Instagram-Post-99.jpg","datePublished":"2021-05-03T12:32:07+00:00","dateModified":"2026-05-09T16:10:07+00:00","breadcrumb":{"@id":"https:\/\/delivery.supporter.ro\/product\/prosciuttofunghi\/#breadcrumb"},"inLanguage":"en-US","potentialAction":[{"@type":"ReadAction","target":["https:\/\/delivery.supporter.ro\/product\/prosciuttofunghi\/"]}]},{"@type":"ImageObject","inLanguage":"en-US","@id":"https:\/\/delivery.supporter.ro\/product\/prosciuttofunghi\/#primaryimage","url":"https:\/\/delivery.supporter.ro\/wp-content\/uploads\/2021\/05\/Black-and-White-Modern-Butter-Cake-Instagram-Post-99.jpg","contentUrl":"https:\/\/delivery.supporter.ro\/wp-content\/uploads\/2021\/05\/Black-and-White-Modern-Butter-Cake-Instagram-Post-99.jpg","width":1080,"height":1350,"caption":"izza Prosciutto & Funghi de la Supporter Delivery combin\u0103 gustul autentic italian cu ingrediente de calitate superioar\u0103. Blatul sub\u021bire \u0219i crocant este acoperit cu sos de ro\u0219ii aromat, mozzarella topit\u0103, \u0219unc\u0103 fin\u0103 \u0219i ciuperci proaspete \u2014 o armonie perfect\u0103 \u00eentre texturi \u0219i arome. Fiecare felie ofer\u0103 un echilibru \u00eentre dulcea\u021ba br\u00e2nzei, savoarea ciupercilor \u0219i gustul intens al \u0219uncii, pentru o experien\u021b\u0103 culinar\u0103 complet\u0103."},{"@type":"BreadcrumbList","@id":"https:\/\/delivery.supporter.ro\/product\/prosciuttofunghi\/#breadcrumb","itemListElement":[{"@type":"ListItem","position":1,"name":"Home","item":"https:\/\/delivery.supporter.ro\/"},{"@type":"ListItem","position":2,"name":"Shop","item":"https:\/\/delivery.supporter.ro\/shop\/"},{"@type":"ListItem","position":3,"name":"Prosciutto &#038; Funghi"}]},{"@type":"WebSite","@id":"https:\/\/delivery.supporter.ro\/#website","url":"https:\/\/delivery.supporter.ro\/","name":"Supporter Delivery","description":"Supporter","potentialAction":[{"@type":"SearchAction","target":{"@type":"EntryPoint","urlTemplate":"https:\/\/delivery.supporter.ro\/?s={search_term_string}"},"query-input":{"@type":"PropertyValueSpecification","valueRequired":true,"valueName":"search_term_string"}}],"inLanguage":"en-US"}]}},"jetpack_sharing_enabled":true,"_links":{"self":[{"href":"https:\/\/delivery.supporter.ro\/en\/wp-json\/wp\/v2\/product\/1158","targetHints":{"allow":["GET"]}}],"collection":[{"href":"https:\/\/delivery.supporter.ro\/en\/wp-json\/wp\/v2\/product"}],"about":[{"href":"https:\/\/delivery.supporter.ro\/en\/wp-json\/wp\/v2\/types\/product"}],"version-history":[{"count":5,"href":"https:\/\/delivery.supporter.ro\/en\/wp-json\/wp\/v2\/product\/1158\/revisions"}],"predecessor-version":[{"id":6544,"href":"https:\/\/delivery.supporter.ro\/en\/wp-json\/wp\/v2\/product\/1158\/revisions\/6544"}],"wp:featuredmedia":[{"embeddable":true,"href":"https:\/\/delivery.supporter.ro\/en\/wp-json\/wp\/v2\/media\/11395"}],"wp:attachment":[{"href":"https:\/\/delivery.supporter.ro\/en\/wp-json\/wp\/v2\/media?parent=1158"}],"wp:term":[{"taxonomy":"product_brand","embeddable":true,"href":"https:\/\/delivery.supporter.ro\/en\/wp-json\/wp\/v2\/product_brand?post=1158"},{"taxonomy":"product_cat","embeddable":true,"href":"https:\/\/delivery.supporter.ro\/en\/wp-json\/wp\/v2\/product_cat?post=1158"},{"taxonomy":"product_tag","embeddable":true,"href":"https:\/\/delivery.supporter.ro\/en\/wp-json\/wp\/v2\/product_tag?post=1158"}],"curies":[{"name":"wp","href":"https:\/\/api.w.org\/{rel}","templated":true}]}}