{"id":11373,"date":"2026-05-06T17:46:37","date_gmt":"2026-05-06T15:46:37","guid":{"rendered":"https:\/\/delivery.supporter.ro\/?post_type=product&#038;p=11373"},"modified":"2026-05-06T18:01:56","modified_gmt":"2026-05-06T16:01:56","slug":"portokalopita","status":"publish","type":"product","link":"https:\/\/delivery.supporter.ro\/en\/product\/portokalopita\/","title":{"rendered":"<p>Portokalopita<\/p>"},"content":{"rendered":"","protected":false},"excerpt":{"rendered":"<p><strong>Ingredients:<\/strong>: foi placinta, portocale, ulei de cocos, Iaurt vegan, zahar, praf de copt, vanilie, scor?i?oara &ndash; <strong>170 gr<\/strong><p><strong>Energy value<\/strong> per 100g serving<\/p><p><strong>Valoare energetic?:<\/strong> <strong>~260?310 kcal<\/strong>, <strong>Gr?simi:<\/strong> <strong>~10?14 g<\/strong> <strong>din care acizi gra?i satura?i:<\/strong> <strong>~7?10 g<\/strong>, <strong>Glucide:<\/strong> <strong>~38?45 g<\/strong>, <strong>din care zaharuri:<\/strong> <strong>~20?28 g<\/strong>, <strong>Proteine:<\/strong> <strong>~2?4 g<\/strong> <strong>Sare:<\/strong> ~0,1?0,3 g<\/p><p>Alergeni: 1*, 6*, 8*<\/p><p>1?? <strong>Gluten<\/strong> ? din f?ina de gr&acirc;u din foile de pl?cint?.<\/p><p>6?? <strong>Soia<\/strong> ? posibil prezent? &icirc;n iaurtul vegan (verific? eticheta produsului).<\/p><p>8?? <strong>Fructe cu coaj? (nuc? de cocos)<\/strong> ? uleiul de cocos deriv? din fructul de cocos, considerat alergen pentru unele persoane.<\/p><p>&nbsp;<\/p><\/p>","protected":false},"featured_media":11372,"template":"","meta":[],"product_brand":[],"product_cat":[19],"product_tag":[],"class_list":{"0":"post-11373","1":"product","2":"type-product","3":"status-publish","4":"has-post-thumbnail","6":"product_cat-desert","8":"first","9":"instock","10":"shipping-taxable","11":"purchasable","12":"product-type-simple"},"yoast_head":"<!-- This site is optimized with the Yoast SEO plugin v27.5 - https:\/\/yoast.com\/product\/yoast-seo-wordpress\/ -->\n<title>Portokalopita - Supporter Delivery<\/title>\n<meta name=\"robots\" content=\"index, follow, max-snippet:-1, max-image-preview:large, max-video-preview:-1\" \/>\n<link rel=\"canonical\" href=\"https:\/\/delivery.supporter.ro\/en\/product\/portokalopita\/\" \/>\n<meta property=\"og:locale\" content=\"en_US\" \/>\n<meta property=\"og:type\" content=\"article\" \/>\n<meta property=\"og:title\" content=\"Portokalopita - Supporter Delivery\" \/>\n<meta property=\"og:description\" content=\"Ingrediente: foi placinta, portocale, ulei de cocos, Iaurt vegan, zahar, praf de copt, vanilie, scor\u021bi\u0219oara - 170 gr  Valori nutri\u021bionale pentru 100 gr  Valoare energetic\u0103: ~260\u2013310 kcal, Gr\u0103simi: ~10\u201314 g din care acizi gra\u0219i satura\u021bi: ~7\u201310 g, Glucide: ~38\u201345 g, din care zaharuri: ~20\u201328 g, Proteine: ~2\u20134 g Sare: ~0,1\u20130,3 g  Alergeni: 1*, 6*, 8*  1\ufe0f\u20e3 Gluten \u2013 din f\u0103ina de gr\u00e2u din foile de pl\u0103cint\u0103.  6\ufe0f\u20e3 Soia \u2013 posibil prezent\u0103 \u00een iaurtul vegan (verific\u0103 eticheta produsului).  8\ufe0f\u20e3 Fructe cu coaj\u0103 (nuc\u0103 de cocos) \u2013 uleiul de cocos deriv\u0103 din fructul de cocos, considerat alergen pentru unele persoane.  &nbsp;\" \/>\n<meta property=\"og:url\" content=\"https:\/\/delivery.supporter.ro\/en\/product\/portokalopita\/\" \/>\n<meta property=\"og:site_name\" content=\"Supporter Delivery\" \/>\n<meta property=\"article:modified_time\" content=\"2026-05-06T16:01:56+00:00\" \/>\n<meta property=\"og:image\" content=\"https:\/\/delivery.supporter.ro\/wp-content\/uploads\/2026\/05\/Black-and-White-Modern-Butter-Cake-Instagram-Post-90.jpg\" \/>\n\t<meta property=\"og:image:width\" content=\"1080\" \/>\n\t<meta property=\"og:image:height\" content=\"1350\" \/>\n\t<meta property=\"og:image:type\" content=\"image\/jpeg\" \/>\n<meta name=\"twitter:card\" content=\"summary_large_image\" \/>\n<meta name=\"twitter:label1\" content=\"Est. reading time\" \/>\n\t<meta name=\"twitter:data1\" content=\"1 minute\" \/>\n<script type=\"application\/ld+json\" class=\"yoast-schema-graph\">{\"@context\":\"https:\\\/\\\/schema.org\",\"@graph\":[{\"@type\":\"WebPage\",\"@id\":\"https:\\\/\\\/delivery.supporter.ro\\\/product\\\/portokalopita\\\/\",\"url\":\"https:\\\/\\\/delivery.supporter.ro\\\/product\\\/portokalopita\\\/\",\"name\":\"Portokalopita - Supporter Delivery\",\"isPartOf\":{\"@id\":\"https:\\\/\\\/delivery.supporter.ro\\\/#website\"},\"primaryImageOfPage\":{\"@id\":\"https:\\\/\\\/delivery.supporter.ro\\\/product\\\/portokalopita\\\/#primaryimage\"},\"image\":{\"@id\":\"https:\\\/\\\/delivery.supporter.ro\\\/product\\\/portokalopita\\\/#primaryimage\"},\"thumbnailUrl\":\"https:\\\/\\\/delivery.supporter.ro\\\/wp-content\\\/uploads\\\/2026\\\/05\\\/Black-and-White-Modern-Butter-Cake-Instagram-Post-90.jpg\",\"datePublished\":\"2026-05-06T15:46:37+00:00\",\"dateModified\":\"2026-05-06T16:01:56+00:00\",\"breadcrumb\":{\"@id\":\"https:\\\/\\\/delivery.supporter.ro\\\/product\\\/portokalopita\\\/#breadcrumb\"},\"inLanguage\":\"en-US\",\"potentialAction\":[{\"@type\":\"ReadAction\",\"target\":[\"https:\\\/\\\/delivery.supporter.ro\\\/product\\\/portokalopita\\\/\"]}]},{\"@type\":\"ImageObject\",\"inLanguage\":\"en-US\",\"@id\":\"https:\\\/\\\/delivery.supporter.ro\\\/product\\\/portokalopita\\\/#primaryimage\",\"url\":\"https:\\\/\\\/delivery.supporter.ro\\\/wp-content\\\/uploads\\\/2026\\\/05\\\/Black-and-White-Modern-Butter-Cake-Instagram-Post-90.jpg\",\"contentUrl\":\"https:\\\/\\\/delivery.supporter.ro\\\/wp-content\\\/uploads\\\/2026\\\/05\\\/Black-and-White-Modern-Butter-Cake-Instagram-Post-90.jpg\",\"width\":1080,\"height\":1350,\"caption\":\"Portokalopita\"},{\"@type\":\"BreadcrumbList\",\"@id\":\"https:\\\/\\\/delivery.supporter.ro\\\/product\\\/portokalopita\\\/#breadcrumb\",\"itemListElement\":[{\"@type\":\"ListItem\",\"position\":1,\"name\":\"Home\",\"item\":\"https:\\\/\\\/delivery.supporter.ro\\\/\"},{\"@type\":\"ListItem\",\"position\":2,\"name\":\"Shop\",\"item\":\"https:\\\/\\\/delivery.supporter.ro\\\/shop\\\/\"},{\"@type\":\"ListItem\",\"position\":3,\"name\":\"Portokalopita\"}]},{\"@type\":\"WebSite\",\"@id\":\"https:\\\/\\\/delivery.supporter.ro\\\/#website\",\"url\":\"https:\\\/\\\/delivery.supporter.ro\\\/\",\"name\":\"Supporter Delivery\",\"description\":\"Supporter\",\"potentialAction\":[{\"@type\":\"SearchAction\",\"target\":{\"@type\":\"EntryPoint\",\"urlTemplate\":\"https:\\\/\\\/delivery.supporter.ro\\\/?s={search_term_string}\"},\"query-input\":{\"@type\":\"PropertyValueSpecification\",\"valueRequired\":true,\"valueName\":\"search_term_string\"}}],\"inLanguage\":\"en-US\"}]}<\/script>\n<!-- \/ Yoast SEO plugin. -->","yoast_head_json":{"title":"Portokalopita - Supporter Delivery","robots":{"index":"index","follow":"follow","max-snippet":"max-snippet:-1","max-image-preview":"max-image-preview:large","max-video-preview":"max-video-preview:-1"},"canonical":"https:\/\/delivery.supporter.ro\/en\/product\/portokalopita\/","og_locale":"en_US","og_type":"article","og_title":"Portokalopita - Supporter Delivery","og_description":"Ingrediente: foi placinta, portocale, ulei de cocos, Iaurt vegan, zahar, praf de copt, vanilie, scor\u021bi\u0219oara - 170 gr  Valori nutri\u021bionale pentru 100 gr  Valoare energetic\u0103: ~260\u2013310 kcal, Gr\u0103simi: ~10\u201314 g din care acizi gra\u0219i satura\u021bi: ~7\u201310 g, Glucide: ~38\u201345 g, din care zaharuri: ~20\u201328 g, Proteine: ~2\u20134 g Sare: ~0,1\u20130,3 g  Alergeni: 1*, 6*, 8*  1\ufe0f\u20e3 Gluten \u2013 din f\u0103ina de gr\u00e2u din foile de pl\u0103cint\u0103.  6\ufe0f\u20e3 Soia \u2013 posibil prezent\u0103 \u00een iaurtul vegan (verific\u0103 eticheta produsului).  8\ufe0f\u20e3 Fructe cu coaj\u0103 (nuc\u0103 de cocos) \u2013 uleiul de cocos deriv\u0103 din fructul de cocos, considerat alergen pentru unele persoane.  &nbsp;","og_url":"https:\/\/delivery.supporter.ro\/en\/product\/portokalopita\/","og_site_name":"Supporter Delivery","article_modified_time":"2026-05-06T16:01:56+00:00","og_image":[{"width":1080,"height":1350,"url":"https:\/\/delivery.supporter.ro\/wp-content\/uploads\/2026\/05\/Black-and-White-Modern-Butter-Cake-Instagram-Post-90.jpg","type":"image\/jpeg"}],"twitter_card":"summary_large_image","twitter_misc":{"Est. reading time":"1 minute"},"schema":{"@context":"https:\/\/schema.org","@graph":[{"@type":"WebPage","@id":"https:\/\/delivery.supporter.ro\/product\/portokalopita\/","url":"https:\/\/delivery.supporter.ro\/product\/portokalopita\/","name":"Portokalopita - Supporter Delivery","isPartOf":{"@id":"https:\/\/delivery.supporter.ro\/#website"},"primaryImageOfPage":{"@id":"https:\/\/delivery.supporter.ro\/product\/portokalopita\/#primaryimage"},"image":{"@id":"https:\/\/delivery.supporter.ro\/product\/portokalopita\/#primaryimage"},"thumbnailUrl":"https:\/\/delivery.supporter.ro\/wp-content\/uploads\/2026\/05\/Black-and-White-Modern-Butter-Cake-Instagram-Post-90.jpg","datePublished":"2026-05-06T15:46:37+00:00","dateModified":"2026-05-06T16:01:56+00:00","breadcrumb":{"@id":"https:\/\/delivery.supporter.ro\/product\/portokalopita\/#breadcrumb"},"inLanguage":"en-US","potentialAction":[{"@type":"ReadAction","target":["https:\/\/delivery.supporter.ro\/product\/portokalopita\/"]}]},{"@type":"ImageObject","inLanguage":"en-US","@id":"https:\/\/delivery.supporter.ro\/product\/portokalopita\/#primaryimage","url":"https:\/\/delivery.supporter.ro\/wp-content\/uploads\/2026\/05\/Black-and-White-Modern-Butter-Cake-Instagram-Post-90.jpg","contentUrl":"https:\/\/delivery.supporter.ro\/wp-content\/uploads\/2026\/05\/Black-and-White-Modern-Butter-Cake-Instagram-Post-90.jpg","width":1080,"height":1350,"caption":"Portokalopita"},{"@type":"BreadcrumbList","@id":"https:\/\/delivery.supporter.ro\/product\/portokalopita\/#breadcrumb","itemListElement":[{"@type":"ListItem","position":1,"name":"Home","item":"https:\/\/delivery.supporter.ro\/"},{"@type":"ListItem","position":2,"name":"Shop","item":"https:\/\/delivery.supporter.ro\/shop\/"},{"@type":"ListItem","position":3,"name":"Portokalopita"}]},{"@type":"WebSite","@id":"https:\/\/delivery.supporter.ro\/#website","url":"https:\/\/delivery.supporter.ro\/","name":"Supporter Delivery","description":"Supporter","potentialAction":[{"@type":"SearchAction","target":{"@type":"EntryPoint","urlTemplate":"https:\/\/delivery.supporter.ro\/?s={search_term_string}"},"query-input":{"@type":"PropertyValueSpecification","valueRequired":true,"valueName":"search_term_string"}}],"inLanguage":"en-US"}]}},"jetpack_sharing_enabled":true,"_links":{"self":[{"href":"https:\/\/delivery.supporter.ro\/en\/wp-json\/wp\/v2\/product\/11373","targetHints":{"allow":["GET"]}}],"collection":[{"href":"https:\/\/delivery.supporter.ro\/en\/wp-json\/wp\/v2\/product"}],"about":[{"href":"https:\/\/delivery.supporter.ro\/en\/wp-json\/wp\/v2\/types\/product"}],"version-history":[{"count":3,"href":"https:\/\/delivery.supporter.ro\/en\/wp-json\/wp\/v2\/product\/11373\/revisions"}],"predecessor-version":[{"id":11377,"href":"https:\/\/delivery.supporter.ro\/en\/wp-json\/wp\/v2\/product\/11373\/revisions\/11377"}],"wp:featuredmedia":[{"embeddable":true,"href":"https:\/\/delivery.supporter.ro\/en\/wp-json\/wp\/v2\/media\/11372"}],"wp:attachment":[{"href":"https:\/\/delivery.supporter.ro\/en\/wp-json\/wp\/v2\/media?parent=11373"}],"wp:term":[{"taxonomy":"product_brand","embeddable":true,"href":"https:\/\/delivery.supporter.ro\/en\/wp-json\/wp\/v2\/product_brand?post=11373"},{"taxonomy":"product_cat","embeddable":true,"href":"https:\/\/delivery.supporter.ro\/en\/wp-json\/wp\/v2\/product_cat?post=11373"},{"taxonomy":"product_tag","embeddable":true,"href":"https:\/\/delivery.supporter.ro\/en\/wp-json\/wp\/v2\/product_tag?post=11373"}],"curies":[{"name":"wp","href":"https:\/\/api.w.org\/{rel}","templated":true}]}}