{"id":3,"date":"2021-04-21T09:46:02","date_gmt":"2021-04-21T09:46:02","guid":{"rendered":"https:\/\/delivery.supporter.ro\/?page_id=3"},"modified":"2021-04-26T13:48:33","modified_gmt":"2021-04-26T10:48:33","slug":"privacy-policy","status":"publish","type":"page","link":"https:\/\/delivery.supporter.ro\/en\/privacy-policy\/","title":{"rendered":"<p>Privacy Policy<\/p>"},"content":{"rendered":"<h2 class=\"wp-block-heading\"><strong>I. Informa?ii generale<\/strong><p>Confiden?ialitatea datelor dumneavoastr? cu caracter personal reprezint? una dintre preocup?rile principale ale SUPORTER SRL , cu sediul &icirc;n Sibiu, Bdul. Victoriei 26, &icirc;n calitate de operator de date.<br>Acest document are rolul de a v? informa cu privire la prelucrarea datelor dumneavoastr? cu caracter personal, &icirc;n contextul utiliz?rii paginii de internet www.delivery.supporter.ro, numit? in continuare ?Site?.<\/p><h2 class=\"wp-block-heading\"><strong><strong>II. Categoriile de date cu caracter personal prelucrate<\/strong><\/strong><\/h2><p>II.1. Dac? sunte?i client al Site-ului, SUPORTER SRL va prelucra datele dumneavoastr? cu caracter personal, cum ar fi nume ?i prenume, telefon, adresa de e-mail, adresa de facturare, adresa de livrare, date referitoare la modul &icirc;n care utiliza?i Site-ul, de exemplu comportamentul\/preferin?ele\/obi?nuin?ele dumneavoastr? &icirc;n cadrul SUPORTER SRL , precum ?i orice alte categorii de date pe care le furniza?i &icirc;n mod direct &icirc;n contextul cre?rii contului de utilizator, &icirc;n contextul plas?rii unei comenzi prin intermediul site-ului sau &icirc;n orice alt mod care rezult? din utilizarea Site-ului.<\/p><p>?II.2. Dac? sunte?i vizitator al Site-ului, SUPORTER SRL va prelucra datele dumneavoastr? cu caracter personal pe care le furniza?i &icirc;n mod direct &icirc;n contextul utiliz?rii Site-ului, cum ar fi datele pe care le furniza?i &icirc;n cadrul sec?iunii de rezerv?ri, &icirc;n m?sura &icirc;n care ne contacta?i &icirc;n acest fel.<\/p><h2 class=\"wp-block-heading\"><strong><strong><strong>III. Scopurile ?i temeiurile prelucr?rii<\/strong><\/strong><\/strong><\/h2><p>III.1. Dac? sunte?i client al Site-ului, SUPORTER SRL prelucreaz? datele dumneavoastr? cu caracter personal astfel:<\/p><p>? ?pentru furnizarea serviciilor\/produselor c?tre dumneavoastr? de c?tre SUPORTER SRL, respectiv pentru preluarea, validarea, expedierea ?i facturarea comenzii plasate pe Site, informarea dumneavoastr? asupra st?rii comenzii, organizarea returului de produse comandate etc.<\/p><p>Temei:&nbsp;Furnizarea datelor dumneavoastr? cu caracter personal este necesar? pentru furnizarea&nbsp;acestor servicii\/produse. Refuzul furniz?rii datelor poate avea drept consecin?? imposibilitatea furniz?rii serviciilor\/produselor c?tre dumneavoastr? de c?tre SUPORTER SRL. ?<\/p><p>?&nbsp;pentru &icirc;ndeplinirea obliga?iilor legale care incumb? SUPORTER SRL &nbsp;&icirc;n contextul serviciilor prestate prin intermediul Site-ului, inclusiv a obliga?iilor &icirc;n materie fiscal?, precum ?i &icirc;n materie de arhivare.<\/p><p>Temei: Prelucrarea datelor dumneavoastr? pentru acest scop este necesar? &icirc;n baza unor obliga?ii legale. Furnizarea datelor dumneavoastr? &icirc;n acest scop este necesar?. Refuzul furniz?rii datelor poate avea drept consecin?? imposibilitatea SUPORTER SRL de a respecta obliga?iile legale care &icirc;i revin ?i deci &icirc;n imposibilitatea de a v? oferi serviciile prin intermediul Site-ului.?<\/p><p>??III.2. Dac? sunte?i vizitator al Site-ului, SUPORTER SRL prelucreaz? datele dumneavoastr? cu caracter personal astfel:<\/p><p>??-&nbsp;pentru rezolvarea pl&acirc;ngerilor, reclama?iilor ?i pentru a monitoriza traficul ?i a &icirc;mbun?t??ii experien?a dumneavoastr? oferit? pe Site. Temei: Prelucrarea datelor dumneavoastr? pentru acest scop are la baz? interesul legitim al SUPORTER SRL de a asigura func?ionarea corect? a Site-ului, precum ?i pentru a &icirc;mbun?t??ii permanent experien?a vizitatorilor Site-ului, inclusiv prin solu?ionarea diferitelor comentarii, &icirc;ntreb?ri sau reclama?ii.<\/p><h2 class=\"wp-block-heading\"><strong><strong><strong><strong>IV. Durata pentru care v? prelucr?m datele<\/strong><\/strong><\/strong><\/strong><\/h2><p>Ca principiu, SUPORTER SRL va prelucra datele dumneavoastr? cu caracter personal at&acirc;t c&acirc;t este necesar pentru realizarea scopurilor de prelucrare men?ionate mai sus. &Icirc;n cazul &icirc;n care sunte?i client, vom prelucra datele dumneavoastr? pe &icirc;ntreaga durat? a raporturilor contractuale ?i ulterior conform obliga?iilor legale care revin &icirc;n sarcina SUPORTER SRL (de ex., &icirc;n cazul documentelor justificative financiar-contabile pentru care termenul de p?strare prev?zut de lege este de 10 ani de la data &icirc;ncheierii exerci?iului financiar &icirc;n cursul c?ruia au fost &icirc;ntocmite).<\/p><h2 class=\"wp-block-heading\"><strong><strong><strong><strong><strong>V. Dezv?luirea datelor cu caracter personal<\/strong><\/strong><\/strong><\/strong><\/strong><\/h2><p>Pentru &icirc;ndeplinirea scopurilor de prelucrare, SUPORTER SRL poate dezv?lui datele dumneavoastr? c?tre parteneri, c?tre ter?e persoane sau entit??i care sprijin? SUPORTER SRL &nbsp;&icirc;n desf??urarea activit??ii prin intermediul Site-ului (de exemplu firme de curierat, furnizori de servicii IT), ori c?tre autorit??ile publice centrale\/locale, &icirc;n urm?toarele cazuri exemplificativ enumerate:<\/p><ul class=\"wp-block-list\"><li>pentru administrarea Site-ului;<\/li><li>&icirc;n situa?iile &icirc;n care aceast? comunicare ar fi necesar? pentru atribuirea de premii sau alte facilit??i persoanelor vizate, ob?inute ca urmare a particip?rii lor la diverse campanii promo?ionale organizate de c?tre SUPORTER SRL prin intermediul Site-ului;<\/li><li>pentru men?inerea, personalizarea ?i &icirc;mbun?t??irea Site-ului ?i a serviciilor derulate prin intermediul lui;<\/li><li>pentru efectuarea analizei datelor, testarea ?i cercetarea, monitorizarea tendin?elor de utilizare ?i activitate, dezvoltarea caracteristicilor de siguran?? ?i autentificarea utilizatorilor;<\/li><li>pentru transmiterea de comunic?ri comerciale de marketing, &icirc;n condi?iile ?i limitele prev?zute de lege;<\/li><\/ul><p>atunci c&acirc;nd dezv?luirea datelor cu caracter personal este prev?zut? de lege etc.<\/p><h2 class=\"wp-block-heading\"><strong><strong><strong><strong><strong><strong>VI. Transferul datelor cu caracter personal<\/strong><\/strong><\/strong><\/strong><\/strong><\/strong><\/h2><p>Datele cu caracter personal furnizate c?tre SUPORTER SRL pot fi transferate &icirc;n afara Rom&acirc;niei, dar doar c?tre state din Uniunea European?.<\/p><h2 class=\"wp-block-heading\"><strong><strong><strong><strong><strong><strong><strong>VII. Drepturile de care beneficia?i<\/strong><\/strong><\/strong><\/strong><\/strong><\/strong><\/strong><\/h2><p>&Icirc;n condi?iile prev?zute de legisla?ia &icirc;n materia prelucr?rii datelor cu caracter personal, &icirc;n calitate de persoane vizate, beneficia?i de urm?toarele drepturi:<\/p><ul class=\"wp-block-list\"><li>dreptul la informare, respectiv dreptul de a primi detalii privind activit??ile de prelucrare efectuate de c?tre SUPORTER SRL, conform celor descrise &icirc;n prezentul document;<\/li><li>dreptul de acces la date, respectiv dreptul de a ob?ine confirmarea din partea SUPORTER SRL cu privire la prelucrarea datelor cu caracter personal, precum ?i detalii privind activit??ile de prelucrare precum modalitatea &icirc;n care sunt prelucrate datele, scopul &icirc;n care se face prelucrarea, destinatarii sau categoriile de destinatari ai datelor, etc;<\/li><li>dreptul la rectificare, respectiv dreptul de a ob?ine corectarea, f?r? &icirc;nt&acirc;rzieri justificate, de c?tre SUPORTER SRL a datelor cu caracter personal inexacte\/ nejustificate, precum ?i completarea datelor incomplete; Rectificarea\/ completarea va fi comunicat? fiec?rui destinatar la care au fost transmise datele, cu excep?ia cazului &icirc;n care acest lucru se dovede?te imposibil sau presupune eforturi dispropor?ionate.<\/li><li>dreptul la ?tergerea datelor, f?r? &icirc;nt&acirc;rzieri nejustificate, (?dreptul de a fi uitat?), &icirc;n cazul in care se aplic? unul dintre urm?toarele motive:<ul><li>acestea nu mai sunt necesare pentru &icirc;ndeplinirea scopurilor pentru care au fost colectate sau prelucrate;<\/li><\/ul><ul><li>&icirc;n cazul &icirc;n care este retras consim??m&acirc;ntul ?i nu exist? niciun alt temei juridic pentru prelucrare;<\/li><\/ul><ul><li>&icirc;n cazul &icirc;n care persoana vizat? se opune prelucr?rii ?i nu exist? motive legitime care s? prevaleze;<\/li><\/ul><ul><li>&icirc;n cazul &icirc;n care datele cu caracter personal au fost prelucrate ilegal;<\/li><\/ul><ul><li>&icirc;n cazul &icirc;n care datele cu caracter personal trebuie ?terse pentru respectarea unei obliga?ii legale;<\/li><\/ul><ul><li>datele cu caracter personal au fost colectate &icirc;n leg?tur? cu oferirea de servicii ale societ??ii informa?ionale conform dreptului Uniunii sau al dreptului intern sub incidenta c?ruia se afl? operatorul.<\/li><\/ul><\/li><\/ul><p>Este posibil ca, &icirc;n urma solicit?rii de ?tergere a datelor, SUPORTER SRL &nbsp;s? anonimizeze aceste date (lipsindu-le astfel de caracterul personal) ?i s? continue &icirc;n aceste condi?ii prelucrarea pentru scopuri statistice;<\/p><ul class=\"wp-block-list\"><li>dreptul la restric?ionarea prelucr?rii &icirc;n m?sura &icirc;n care:<ul><li>persoana contest? exactitatea datelor, pe o perioad? care ne permite verificarea corectitudinii datelor;<\/li><\/ul><ul><li>prelucrarea este ilegal?, iar persoana vizat? se opune ?tergerii datelor cu caracter personal, solicit&acirc;nd &icirc;n schimb restric?ionarea utiliz?rii lor;<\/li><\/ul><ul><li>operatorul nu mai are nevoie de datele cu caracter personal &icirc;n scopul prelucr?rii, dar persoana vizat? i le solicit? pentru constatarea, exercitarea sau ap?rarea unui drept &icirc;n instan??; sau<\/li><\/ul><ul><li>persoana vizat? s-a opus prelucr?rii (altele dec&acirc;t cele de marketing direct), pentru intervalul de timp &icirc;n care se verific? dac? drepturile legitime ale operatorului prevaleaz? asupra celor ale persoanei vizate.<\/li><\/ul><\/li><li>dreptul la portabilitatea datelor, respectiv (i) dreptul de a primi datele cu caracter personal &icirc;ntr-o modalitate structurat?, folosit? &icirc;n mod obi?nuit ?i &icirc;ntr-un format u?or de citit, precum ?i (ii) dreptul ca aceste date s? fie transmise de c?tre Ivan Group SRL c?tre alt operator de date, &icirc;n m?sura &icirc;n care sunt &icirc;ndeplinite condi?iile prev?zute de lege;<\/li><li>dreptul la opozi?ie ? &icirc;n ceea ce prive?te activit??ile de prelucrare se poate exercita prin transmiterea unei solicit?ri conform celor indicate mai jos;<ul><li>&icirc;n orice moment, din motive legate de situa?ia particular? &icirc;n care se afl? persoana vizat?, ca datele care o vizeaz? s? fie prelucrate &icirc;n temeiul interesului legitim al SUPORTER SRL &nbsp;sau &icirc;n temeiul interesului public, cu excep?ia cazurilor &icirc;n care SUPORTER SRL &nbsp;poate demonstra c? are motive legitime ?i imperioase care justific? prelucarea ?i care prevaleaz? asupra intereselor, drepturilor ?i libert??ilor persoanelor vizate sau c? scopul este constatarea, exercitarea sau apararea unui drept &icirc;n instan??;<\/li><\/ul><ul><li>&icirc;n orice moment, &icirc;n mod gratuit ?i f?r? nicio justificare, c? datele care o vizeaz? s? fie prelucrate &icirc;n scop de marketing direct.<\/li><\/ul><\/li><li>dreptul de a nu fi supus unei decizii individuale automate, respectiv dreptul de a nu fi subiectul unei decizii luate numai pe baza unor activit??i de prelucrare automate, inclusiv crearea de profiluri, care produce efecte juridice care privesc persoana vizat? sau o afecteaz? &icirc;n mod similar &icirc;ntr-o m?sur? semnificativ?;<\/li><li>dreptul de a v? adresa Autorit??ii Na?ionale de Supraveghere a Prelucr?rii Datelor cu Caracter Personal sau instan?elor competente, &icirc;n m?sura &icirc;n care considera?i necesar.<\/li><\/ul><p>Pentru orice &icirc;ntreb?ri suplimentare cu privire la modul &icirc;n care datele cu caracter personal sunt prelucrate ?i pentru a v? exercita drepturile men?ionate mai sus, v? rug?m s? v? adresa?i telefonic la numarul: 0760 157 262<br>Aceast? pagin? de internet folose?te fi?iere de tip cookie. Pentru mai multe informa?ii cu privire la modul &icirc;n care se folosesc aceste fi?iere, v? rug?m s? accesa?i urm?torul link: <a href=\"https:\/\/delivery.supporter.ro\/en\/politica-cookies\/\">Politica Cookies<\/a>.<\/p><\/h2>","protected":false},"excerpt":{"rendered":"<p>I. Informa?ii generale Confiden?ialitatea datelor dumneavoastr? cu caracter personal reprezint? una dintre preocup?rile principale ale SUPORTER SRL , cu sediul &icirc;n Sibiu, Bdul. Victoriei 26, &icirc;n<span class=\"excerpt-hellip\"> [?]<\/span><\/p>","protected":false},"author":1,"featured_media":0,"parent":0,"menu_order":0,"comment_status":"closed","ping_status":"open","template":"","meta":{"footnotes":""},"class_list":["post-3","page","type-page","status-publish","hentry"],"yoast_head":"<!-- This site is optimized with the Yoast SEO plugin v27.4 - https:\/\/yoast.com\/product\/yoast-seo-wordpress\/ -->\n<title>Privacy Policy - Supporter Delivery<\/title>\n<meta name=\"robots\" content=\"index, follow, max-snippet:-1, max-image-preview:large, max-video-preview:-1\" \/>\n<link rel=\"canonical\" href=\"https:\/\/delivery.supporter.ro\/en\/privacy-policy\/\" \/>\n<meta property=\"og:locale\" content=\"en_US\" \/>\n<meta property=\"og:type\" content=\"article\" \/>\n<meta property=\"og:title\" content=\"Privacy Policy - Supporter Delivery\" \/>\n<meta property=\"og:description\" content=\"I. Informa\u021bii generale Confiden\u021bialitatea datelor dumneavoastr\u0103 cu caracter personal reprezint\u0103 una dintre preocup\u0103rile principale ale SUPORTER SRL , cu sediul \u00een Sibiu, Bdul. Victoriei 26, \u00een [\u2026]\" \/>\n<meta property=\"og:url\" content=\"https:\/\/delivery.supporter.ro\/en\/privacy-policy\/\" \/>\n<meta property=\"og:site_name\" content=\"Supporter Delivery\" \/>\n<meta property=\"article:modified_time\" content=\"2021-04-26T10:48:33+00:00\" \/>\n<meta name=\"twitter:card\" content=\"summary_large_image\" \/>\n<meta name=\"twitter:label1\" content=\"Est. reading time\" \/>\n\t<meta name=\"twitter:data1\" content=\"7 minutes\" \/>\n<script type=\"application\/ld+json\" class=\"yoast-schema-graph\">{\"@context\":\"https:\\\/\\\/schema.org\",\"@graph\":[{\"@type\":\"WebPage\",\"@id\":\"https:\\\/\\\/delivery.supporter.ro\\\/privacy-policy\\\/\",\"url\":\"https:\\\/\\\/delivery.supporter.ro\\\/privacy-policy\\\/\",\"name\":\"Privacy Policy - Supporter Delivery\",\"isPartOf\":{\"@id\":\"https:\\\/\\\/delivery.supporter.ro\\\/#website\"},\"datePublished\":\"2021-04-21T09:46:02+00:00\",\"dateModified\":\"2021-04-26T10:48:33+00:00\",\"breadcrumb\":{\"@id\":\"https:\\\/\\\/delivery.supporter.ro\\\/privacy-policy\\\/#breadcrumb\"},\"inLanguage\":\"en-US\",\"potentialAction\":[{\"@type\":\"ReadAction\",\"target\":[\"https:\\\/\\\/delivery.supporter.ro\\\/privacy-policy\\\/\"]}]},{\"@type\":\"BreadcrumbList\",\"@id\":\"https:\\\/\\\/delivery.supporter.ro\\\/privacy-policy\\\/#breadcrumb\",\"itemListElement\":[{\"@type\":\"ListItem\",\"position\":1,\"name\":\"Home\",\"item\":\"https:\\\/\\\/delivery.supporter.ro\\\/\"},{\"@type\":\"ListItem\",\"position\":2,\"name\":\"Privacy Policy\"}]},{\"@type\":\"WebSite\",\"@id\":\"https:\\\/\\\/delivery.supporter.ro\\\/#website\",\"url\":\"https:\\\/\\\/delivery.supporter.ro\\\/\",\"name\":\"Supporter Delivery\",\"description\":\"Supporter\",\"potentialAction\":[{\"@type\":\"SearchAction\",\"target\":{\"@type\":\"EntryPoint\",\"urlTemplate\":\"https:\\\/\\\/delivery.supporter.ro\\\/?s={search_term_string}\"},\"query-input\":{\"@type\":\"PropertyValueSpecification\",\"valueRequired\":true,\"valueName\":\"search_term_string\"}}],\"inLanguage\":\"en-US\"}]}<\/script>\n<!-- \/ Yoast SEO plugin. -->","yoast_head_json":{"title":"Privacy Policy - Supporter Delivery","robots":{"index":"index","follow":"follow","max-snippet":"max-snippet:-1","max-image-preview":"max-image-preview:large","max-video-preview":"max-video-preview:-1"},"canonical":"https:\/\/delivery.supporter.ro\/en\/privacy-policy\/","og_locale":"en_US","og_type":"article","og_title":"Privacy Policy - Supporter Delivery","og_description":"I. Informa\u021bii generale Confiden\u021bialitatea datelor dumneavoastr\u0103 cu caracter personal reprezint\u0103 una dintre preocup\u0103rile principale ale SUPORTER SRL , cu sediul \u00een Sibiu, Bdul. Victoriei 26, \u00een [\u2026]","og_url":"https:\/\/delivery.supporter.ro\/en\/privacy-policy\/","og_site_name":"Supporter Delivery","article_modified_time":"2021-04-26T10:48:33+00:00","twitter_card":"summary_large_image","twitter_misc":{"Est. reading time":"7 minutes"},"schema":{"@context":"https:\/\/schema.org","@graph":[{"@type":"WebPage","@id":"https:\/\/delivery.supporter.ro\/privacy-policy\/","url":"https:\/\/delivery.supporter.ro\/privacy-policy\/","name":"Privacy Policy - Supporter Delivery","isPartOf":{"@id":"https:\/\/delivery.supporter.ro\/#website"},"datePublished":"2021-04-21T09:46:02+00:00","dateModified":"2021-04-26T10:48:33+00:00","breadcrumb":{"@id":"https:\/\/delivery.supporter.ro\/privacy-policy\/#breadcrumb"},"inLanguage":"en-US","potentialAction":[{"@type":"ReadAction","target":["https:\/\/delivery.supporter.ro\/privacy-policy\/"]}]},{"@type":"BreadcrumbList","@id":"https:\/\/delivery.supporter.ro\/privacy-policy\/#breadcrumb","itemListElement":[{"@type":"ListItem","position":1,"name":"Home","item":"https:\/\/delivery.supporter.ro\/"},{"@type":"ListItem","position":2,"name":"Privacy Policy"}]},{"@type":"WebSite","@id":"https:\/\/delivery.supporter.ro\/#website","url":"https:\/\/delivery.supporter.ro\/","name":"Supporter Delivery","description":"Supporter","potentialAction":[{"@type":"SearchAction","target":{"@type":"EntryPoint","urlTemplate":"https:\/\/delivery.supporter.ro\/?s={search_term_string}"},"query-input":{"@type":"PropertyValueSpecification","valueRequired":true,"valueName":"search_term_string"}}],"inLanguage":"en-US"}]}},"jetpack_sharing_enabled":true,"_links":{"self":[{"href":"https:\/\/delivery.supporter.ro\/en\/wp-json\/wp\/v2\/pages\/3","targetHints":{"allow":["GET"]}}],"collection":[{"href":"https:\/\/delivery.supporter.ro\/en\/wp-json\/wp\/v2\/pages"}],"about":[{"href":"https:\/\/delivery.supporter.ro\/en\/wp-json\/wp\/v2\/types\/page"}],"author":[{"embeddable":true,"href":"https:\/\/delivery.supporter.ro\/en\/wp-json\/wp\/v2\/users\/1"}],"replies":[{"embeddable":true,"href":"https:\/\/delivery.supporter.ro\/en\/wp-json\/wp\/v2\/comments?post=3"}],"version-history":[{"count":2,"href":"https:\/\/delivery.supporter.ro\/en\/wp-json\/wp\/v2\/pages\/3\/revisions"}],"predecessor-version":[{"id":136,"href":"https:\/\/delivery.supporter.ro\/en\/wp-json\/wp\/v2\/pages\/3\/revisions\/136"}],"wp:attachment":[{"href":"https:\/\/delivery.supporter.ro\/en\/wp-json\/wp\/v2\/media?parent=3"}],"curies":[{"name":"wp","href":"https:\/\/api.w.org\/{rel}","templated":true}]}}